{"id":6978,"date":"2024-10-17T16:46:17","date_gmt":"2024-10-17T14:46:17","guid":{"rendered":"https:\/\/new.hydrosol.de\/boletin-confirmacion\/"},"modified":"2025-06-20T11:57:11","modified_gmt":"2025-06-20T09:57:11","slug":"boletin-confirmacion","status":"publish","type":"page","link":"https:\/\/hydrosol.de\/es\/boletin-confirmacion\/","title":{"rendered":"Boletin Confirmacion"},"content":{"rendered":"\t\t<div data-elementor-type=\"wp-page\" data-elementor-id=\"6978\" class=\"elementor elementor-6978 elementor-6928\" data-elementor-settings=\"{&quot;ha_cmc_init_switcher&quot;:&quot;no&quot;}\" data-elementor-post-type=\"page\">\n\t\t\t\t<div class=\"elementor-element elementor-element-708bbfbf e-flex e-con-boxed e-con e-parent\" data-id=\"708bbfbf\" data-element_type=\"container\" data-e-type=\"container\" data-settings=\"{&quot;background_background&quot;:&quot;classic&quot;,&quot;_ha_eqh_enable&quot;:false}\">\n\t\t\t\t\t<div class=\"e-con-inner\">\n\t\t<div class=\"elementor-element elementor-element-cbcd078 e-con-full e-flex e-con e-child\" data-id=\"cbcd078\" data-element_type=\"container\" data-e-type=\"container\" data-settings=\"{&quot;_ha_eqh_enable&quot;:false}\">\n\t\t\t\t<div class=\"elementor-element elementor-element-11485b90 elementor-widget elementor-widget-heading\" data-id=\"11485b90\" data-element_type=\"widget\" data-e-type=\"widget\" data-widget_type=\"heading.default\">\n\t\t\t\t<div class=\"elementor-widget-container\">\n\t\t\t\t\t<h1 class=\"elementor-heading-title elementor-size-default\">\u00a1Gracias por su inter\u00e9s!<\/h1>\t\t\t\t<\/div>\n\t\t\t\t<\/div>\n\t\t\t\t<div class=\"elementor-element elementor-element-e0fd3ea elementor-widget elementor-widget-heading\" data-id=\"e0fd3ea\" data-element_type=\"widget\" data-e-type=\"widget\" data-widget_type=\"heading.default\">\n\t\t\t\t<div class=\"elementor-widget-container\">\n\t\t\t\t\t<h2 class=\"elementor-heading-title elementor-size-default\">Su suscripci\u00f3n al bolet\u00edn de Hydrosol est\u00e1 casi completa.<\/h2>\t\t\t\t<\/div>\n\t\t\t\t<\/div>\n\t\t\t\t<div class=\"elementor-element elementor-element-31afac76 elementor-widget elementor-widget-text-editor\" data-id=\"31afac76\" data-element_type=\"widget\" data-e-type=\"widget\" data-widget_type=\"text-editor.default\">\n\t\t\t\t<div class=\"elementor-widget-container\">\n\t\t\t\t\t\t\t\t\t<p>Por favor, confirme su suscripci\u00f3n haciendo clic en el enlace del correo electr\u00f3nico que le acabamos de enviar.<br \/>Muy pronto recibir\u00e1 novedades e interesantes contenidos sobre nuestros productos y servicios.<\/p>\n\t\t\t\t\t\t\t\t<\/div>\n\t\t\t\t<\/div>\n\t\t\t\t<\/div>\n\t\t\t\t\t<\/div>\n\t\t\t\t<\/div>\n\t\t<div class=\"elementor-element elementor-element-9451e75 e-grid e-con-boxed e-con e-parent\" data-id=\"9451e75\" data-element_type=\"container\" data-e-type=\"container\" data-settings=\"{&quot;_ha_eqh_enable&quot;:false}\">\n\t\t\t\t\t<div class=\"e-con-inner\">\n\t\t<div class=\"elementor-element elementor-element-3443a9b e-con-full e-flex e-con e-child\" data-id=\"3443a9b\" data-element_type=\"container\" data-e-type=\"container\" data-settings=\"{&quot;background_background&quot;:&quot;classic&quot;}\">\n\t\t\t\t<div class=\"elementor-element elementor-element-51d1726 elementor-widget elementor-widget-image\" data-id=\"51d1726\" data-element_type=\"widget\" data-e-type=\"widget\" data-widget_type=\"image.default\">\n\t\t\t\t<div class=\"elementor-widget-container\">\n\t\t\t\t\t\t\t\t\t\t\t\t\t\t\t<img fetchpriority=\"high\" decoding=\"async\" width=\"800\" height=\"1200\" src=\"https:\/\/hydrosol.de\/wp-content\/uploads\/2024\/09\/Moments-of-flavour-yogurt-1.jpg\" class=\"attachment-full size-full wp-image-4058\" alt=\"\" srcset=\"https:\/\/hydrosol.de\/wp-content\/uploads\/2024\/09\/Moments-of-flavour-yogurt-1.jpg 800w, https:\/\/hydrosol.de\/wp-content\/uploads\/2024\/09\/Moments-of-flavour-yogurt-1-200x300.jpg 200w, https:\/\/hydrosol.de\/wp-content\/uploads\/2024\/09\/Moments-of-flavour-yogurt-1-683x1024.jpg 683w, https:\/\/hydrosol.de\/wp-content\/uploads\/2024\/09\/Moments-of-flavour-yogurt-1-768x1152.jpg 768w\" sizes=\"(max-width: 800px) 100vw, 800px\" \/>\t\t\t\t\t\t\t\t\t\t\t\t\t\t\t<\/div>\n\t\t\t\t<\/div>\n\t\t\t\t<div class=\"elementor-element elementor-element-ba4618f elementor-widget elementor-widget-heading\" data-id=\"ba4618f\" data-element_type=\"widget\" data-e-type=\"widget\" data-widget_type=\"heading.default\">\n\t\t\t\t<div class=\"elementor-widget-container\">\n\t\t\t\t\t<h3 class=\"elementor-heading-title elementor-size-default\">Leche<\/h3>\t\t\t\t<\/div>\n\t\t\t\t<\/div>\n\t\t\t\t<div class=\"elementor-element elementor-element-b1c600a elementor-widget elementor-widget-text-editor\" data-id=\"b1c600a\" data-element_type=\"widget\" data-e-type=\"widget\" data-widget_type=\"text-editor.default\">\n\t\t\t\t<div class=\"elementor-widget-container\">\n\t\t\t\t\t\t\t\t\t<p>Las tendencias actuales del mercado orientan el desarrollo de nuestros sistemas estabilizantes. Para lograr el \u00e9xito, tambi\u00e9n es fundamental la experiencia de muchos a\u00f1os en la manipulaci\u00f3n de la materia prima, la leche.  <\/p>\n\t\t\t\t\t\t\t\t<\/div>\n\t\t\t\t<\/div>\n\t\t\t\t<div class=\"elementor-element elementor-element-7351ded hydrosolbutton elementor-absolute elementor-widget elementor-widget-button\" data-id=\"7351ded\" data-element_type=\"widget\" data-e-type=\"widget\" data-settings=\"{&quot;_position&quot;:&quot;absolute&quot;}\" data-widget_type=\"button.default\">\n\t\t\t\t<div class=\"elementor-widget-container\">\n\t\t\t\t\t\t\t\t\t<div class=\"elementor-button-wrapper\">\n\t\t\t\t\t<a class=\"elementor-button elementor-button-link elementor-size-sm\" href=\"https:\/\/hydrosol.de\/es\/productos\/productos-lacteos\/\">\n\t\t\t\t\t\t<span class=\"elementor-button-content-wrapper\">\n\t\t\t\t\t\t\t\t\t<span class=\"elementor-button-text\">Aplicaciones l\u00e1cteas<\/span>\n\t\t\t\t\t<\/span>\n\t\t\t\t\t<\/a>\n\t\t\t\t<\/div>\n\t\t\t\t\t\t\t\t<\/div>\n\t\t\t\t<\/div>\n\t\t\t\t<\/div>\n\t\t<div class=\"elementor-element elementor-element-527badd e-con-full e-flex e-con e-child\" data-id=\"527badd\" data-element_type=\"container\" data-e-type=\"container\" data-settings=\"{&quot;background_background&quot;:&quot;classic&quot;,&quot;_ha_eqh_enable&quot;:false}\">\n\t\t\t\t<div class=\"elementor-element elementor-element-4992095 elementor-widget elementor-widget-image\" data-id=\"4992095\" data-element_type=\"widget\" data-e-type=\"widget\" data-widget_type=\"image.default\">\n\t\t\t\t<div class=\"elementor-widget-container\">\n\t\t\t\t\t\t\t\t\t\t\t\t\t\t\t<img decoding=\"async\" width=\"800\" height=\"1200\" src=\"https:\/\/hydrosol.de\/wp-content\/uploads\/2024\/09\/Moments-of-flavour-fresh-meat-perservatives-2.jpg\" class=\"attachment-full size-full wp-image-4061\" alt=\"\" srcset=\"https:\/\/hydrosol.de\/wp-content\/uploads\/2024\/09\/Moments-of-flavour-fresh-meat-perservatives-2.jpg 800w, https:\/\/hydrosol.de\/wp-content\/uploads\/2024\/09\/Moments-of-flavour-fresh-meat-perservatives-2-200x300.jpg 200w, https:\/\/hydrosol.de\/wp-content\/uploads\/2024\/09\/Moments-of-flavour-fresh-meat-perservatives-2-683x1024.jpg 683w, https:\/\/hydrosol.de\/wp-content\/uploads\/2024\/09\/Moments-of-flavour-fresh-meat-perservatives-2-768x1152.jpg 768w\" sizes=\"(max-width: 800px) 100vw, 800px\" \/>\t\t\t\t\t\t\t\t\t\t\t\t\t\t\t<\/div>\n\t\t\t\t<\/div>\n\t\t\t\t<div class=\"elementor-element elementor-element-e250e24 elementor-widget elementor-widget-heading\" data-id=\"e250e24\" data-element_type=\"widget\" data-e-type=\"widget\" data-widget_type=\"heading.default\">\n\t\t\t\t<div class=\"elementor-widget-container\">\n\t\t\t\t\t<h3 class=\"elementor-heading-title elementor-size-default\">Carne<\/h3>\t\t\t\t<\/div>\n\t\t\t\t<\/div>\n\t\t\t\t<div class=\"elementor-element elementor-element-c197431 elementor-widget elementor-widget-text-editor\" data-id=\"c197431\" data-element_type=\"widget\" data-e-type=\"widget\" data-widget_type=\"text-editor.default\">\n\t\t\t\t<div class=\"elementor-widget-container\">\n\t\t\t\t\t\t\t\t\t<p>La demanda mundial de carne crece continuamente. Al mismo tiempo, aumenta el inter\u00e9s por productos c\u00e1rnicos y embutidos nuevos y de tendencia, que satisfagan las m\u00e1s altas exigencias en cuanto a sabor, textura y econom\u00eda.  <\/p>\n\t\t\t\t\t\t\t\t<\/div>\n\t\t\t\t<\/div>\n\t\t\t\t<div class=\"elementor-element elementor-element-0450e8c hydrosolbutton elementor-absolute elementor-widget elementor-widget-button\" data-id=\"0450e8c\" data-element_type=\"widget\" data-e-type=\"widget\" data-settings=\"{&quot;_position&quot;:&quot;absolute&quot;}\" data-widget_type=\"button.default\">\n\t\t\t\t<div class=\"elementor-widget-container\">\n\t\t\t\t\t\t\t\t\t<div class=\"elementor-button-wrapper\">\n\t\t\t\t\t<a class=\"elementor-button elementor-button-link elementor-size-sm\" href=\"https:\/\/hydrosol.de\/es\/productos\/carne\/\">\n\t\t\t\t\t\t<span class=\"elementor-button-content-wrapper\">\n\t\t\t\t\t\t\t\t\t<span class=\"elementor-button-text\">Aplicaciones c\u00e1rnicas<\/span>\n\t\t\t\t\t<\/span>\n\t\t\t\t\t<\/a>\n\t\t\t\t<\/div>\n\t\t\t\t\t\t\t\t<\/div>\n\t\t\t\t<\/div>\n\t\t\t\t<\/div>\n\t\t<div class=\"elementor-element elementor-element-c638369 e-con-full e-flex e-con e-child\" data-id=\"c638369\" data-element_type=\"container\" data-e-type=\"container\" data-settings=\"{&quot;background_background&quot;:&quot;classic&quot;,&quot;_ha_eqh_enable&quot;:false}\">\n\t\t\t\t<div class=\"elementor-element elementor-element-1c6128a elementor-widget elementor-widget-image\" data-id=\"1c6128a\" data-element_type=\"widget\" data-e-type=\"widget\" data-widget_type=\"image.default\">\n\t\t\t\t<div class=\"elementor-widget-container\">\n\t\t\t\t\t\t\t\t\t\t\t\t\t\t\t<img decoding=\"async\" width=\"800\" height=\"1200\" src=\"https:\/\/hydrosol.de\/wp-content\/uploads\/2024\/09\/Moments-of-flavour-Mayonnaise-1.jpg\" class=\"attachment-full size-full wp-image-4064\" alt=\"\" srcset=\"https:\/\/hydrosol.de\/wp-content\/uploads\/2024\/09\/Moments-of-flavour-Mayonnaise-1.jpg 800w, https:\/\/hydrosol.de\/wp-content\/uploads\/2024\/09\/Moments-of-flavour-Mayonnaise-1-200x300.jpg 200w, https:\/\/hydrosol.de\/wp-content\/uploads\/2024\/09\/Moments-of-flavour-Mayonnaise-1-683x1024.jpg 683w, https:\/\/hydrosol.de\/wp-content\/uploads\/2024\/09\/Moments-of-flavour-Mayonnaise-1-768x1152.jpg 768w\" sizes=\"(max-width: 800px) 100vw, 800px\" \/>\t\t\t\t\t\t\t\t\t\t\t\t\t\t\t<\/div>\n\t\t\t\t<\/div>\n\t\t\t\t<div class=\"elementor-element elementor-element-0ca4c4a elementor-widget elementor-widget-heading\" data-id=\"0ca4c4a\" data-element_type=\"widget\" data-e-type=\"widget\" data-widget_type=\"heading.default\">\n\t\t\t\t<div class=\"elementor-widget-container\">\n\t\t\t\t\t<h3 class=\"elementor-heading-title elementor-size-default\">Delicatesen<\/h3>\t\t\t\t<\/div>\n\t\t\t\t<\/div>\n\t\t\t\t<div class=\"elementor-element elementor-element-74f6c70 hydrosolbutton elementor-absolute elementor-widget elementor-widget-button\" data-id=\"74f6c70\" data-element_type=\"widget\" data-e-type=\"widget\" data-settings=\"{&quot;_position&quot;:&quot;absolute&quot;}\" data-widget_type=\"button.default\">\n\t\t\t\t<div class=\"elementor-widget-container\">\n\t\t\t\t\t\t\t\t\t<div class=\"elementor-button-wrapper\">\n\t\t\t\t\t<a class=\"elementor-button elementor-button-link elementor-size-sm\" href=\"https:\/\/hydrosol.de\/es\/productos\/delicatesen\/\">\n\t\t\t\t\t\t<span class=\"elementor-button-content-wrapper\">\n\t\t\t\t\t\t\t\t\t<span class=\"elementor-button-text\">Aplicaciones c\u00e1rnicas<\/span>\n\t\t\t\t\t<\/span>\n\t\t\t\t\t<\/a>\n\t\t\t\t<\/div>\n\t\t\t\t\t\t\t\t<\/div>\n\t\t\t\t<\/div>\n\t\t\t\t<div class=\"elementor-element elementor-element-1ef118c elementor-widget elementor-widget-text-editor\" data-id=\"1ef118c\" data-element_type=\"widget\" data-e-type=\"widget\" data-widget_type=\"text-editor.default\">\n\t\t\t\t<div class=\"elementor-widget-container\">\n\t\t\t\t\t\t\t\t\t<p>Nuestras soluciones delicatessen combinan conveniencia y disfrute con las tendencias alimentarias internacionales. De este modo, garantizamos la m\u00e1xima seguridad del producto con unos costes de producci\u00f3n reducidos. <\/p>\n\t\t\t\t\t\t\t\t<\/div>\n\t\t\t\t<\/div>\n\t\t\t\t<\/div>\n\t\t\t\t\t<\/div>\n\t\t\t\t<\/div>\n\t\t\t\t<\/div>\n\t\t","protected":false},"excerpt":{"rendered":"<p>\u00a1Gracias por su inter\u00e9s! Su suscripci\u00f3n al bolet\u00edn de Hydrosol est\u00e1 casi completa. Por favor, confirme su suscripci\u00f3n haciendo clic en el enlace del correo electr\u00f3nico que le acabamos de enviar.Muy pronto recibir\u00e1 novedades e interesantes contenidos sobre nuestros productos y servicios. Leche Las tendencias actuales del mercado orientan el desarrollo de nuestros sistemas estabilizantes. [&hellip;]<\/p>\n","protected":false},"author":7,"featured_media":0,"parent":0,"menu_order":3,"comment_status":"closed","ping_status":"closed","template":"","meta":{"footnotes":""},"class_list":["post-6978","page","type-page","status-publish","hentry"],"yoast_head":"<!-- This site is optimized with the Yoast SEO plugin v27.3 - https:\/\/yoast.com\/product\/yoast-seo-wordpress\/ -->\n<title>Boletin Confirmacion - hydrosol<\/title>\n<meta name=\"robots\" content=\"index, follow, max-snippet:-1, max-image-preview:large, max-video-preview:-1\" \/>\n<link rel=\"canonical\" href=\"https:\/\/hydrosol.de\/es\/boletin-confirmacion\/\" \/>\n<meta property=\"og:locale\" content=\"es_ES\" \/>\n<meta property=\"og:type\" content=\"article\" \/>\n<meta property=\"og:title\" content=\"Boletin Confirmacion - hydrosol\" \/>\n<meta property=\"og:description\" content=\"\u00a1Gracias por su inter\u00e9s! Su suscripci\u00f3n al bolet\u00edn de Hydrosol est\u00e1 casi completa. Por favor, confirme su suscripci\u00f3n haciendo clic en el enlace del correo electr\u00f3nico que le acabamos de enviar.Muy pronto recibir\u00e1 novedades e interesantes contenidos sobre nuestros productos y servicios. Leche Las tendencias actuales del mercado orientan el desarrollo de nuestros sistemas estabilizantes. [&hellip;]\" \/>\n<meta property=\"og:url\" content=\"https:\/\/hydrosol.de\/es\/boletin-confirmacion\/\" \/>\n<meta property=\"og:site_name\" content=\"hydrosol\" \/>\n<meta property=\"article:modified_time\" content=\"2025-06-20T09:57:11+00:00\" \/>\n<meta property=\"og:image\" content=\"https:\/\/hydrosol.de\/wp-content\/uploads\/2024\/09\/Moments-of-flavour-yogurt-1.jpg\" \/>\n\t<meta property=\"og:image:width\" content=\"800\" \/>\n\t<meta property=\"og:image:height\" content=\"1200\" \/>\n\t<meta property=\"og:image:type\" content=\"image\/jpeg\" \/>\n<meta name=\"twitter:card\" content=\"summary_large_image\" \/>\n<meta name=\"twitter:site\" content=\"@hydrosolsocial\" \/>\n<meta name=\"twitter:label1\" content=\"Tiempo de lectura\" \/>\n\t<meta name=\"twitter:data1\" content=\"1 minuto\" \/>\n<script type=\"application\/ld+json\" class=\"yoast-schema-graph\">{\"@context\":\"https:\\\/\\\/schema.org\",\"@graph\":[{\"@type\":\"WebPage\",\"@id\":\"https:\\\/\\\/hydrosol.de\\\/es\\\/boletin-confirmacion\\\/\",\"url\":\"https:\\\/\\\/hydrosol.de\\\/es\\\/boletin-confirmacion\\\/\",\"name\":\"Boletin Confirmacion - hydrosol\",\"isPartOf\":{\"@id\":\"https:\\\/\\\/hydrosol.de\\\/#website\"},\"primaryImageOfPage\":{\"@id\":\"https:\\\/\\\/hydrosol.de\\\/es\\\/boletin-confirmacion\\\/#primaryimage\"},\"image\":{\"@id\":\"https:\\\/\\\/hydrosol.de\\\/es\\\/boletin-confirmacion\\\/#primaryimage\"},\"thumbnailUrl\":\"https:\\\/\\\/hydrosol.de\\\/wp-content\\\/uploads\\\/2024\\\/09\\\/Moments-of-flavour-yogurt-1.jpg\",\"datePublished\":\"2024-10-17T14:46:17+00:00\",\"dateModified\":\"2025-06-20T09:57:11+00:00\",\"breadcrumb\":{\"@id\":\"https:\\\/\\\/hydrosol.de\\\/es\\\/boletin-confirmacion\\\/#breadcrumb\"},\"inLanguage\":\"es\",\"potentialAction\":[{\"@type\":\"ReadAction\",\"target\":[\"https:\\\/\\\/hydrosol.de\\\/es\\\/boletin-confirmacion\\\/\"]}]},{\"@type\":\"ImageObject\",\"inLanguage\":\"es\",\"@id\":\"https:\\\/\\\/hydrosol.de\\\/es\\\/boletin-confirmacion\\\/#primaryimage\",\"url\":\"https:\\\/\\\/hydrosol.de\\\/wp-content\\\/uploads\\\/2024\\\/09\\\/Moments-of-flavour-yogurt-1.jpg\",\"contentUrl\":\"https:\\\/\\\/hydrosol.de\\\/wp-content\\\/uploads\\\/2024\\\/09\\\/Moments-of-flavour-yogurt-1.jpg\"},{\"@type\":\"BreadcrumbList\",\"@id\":\"https:\\\/\\\/hydrosol.de\\\/es\\\/boletin-confirmacion\\\/#breadcrumb\",\"itemListElement\":[{\"@type\":\"ListItem\",\"position\":1,\"name\":\"Startseite\",\"item\":\"https:\\\/\\\/hydrosol.de\\\/es\\\/pagina-principal\\\/\"},{\"@type\":\"ListItem\",\"position\":2,\"name\":\"Boletin Confirmacion\"}]},{\"@type\":\"WebSite\",\"@id\":\"https:\\\/\\\/hydrosol.de\\\/#website\",\"url\":\"https:\\\/\\\/hydrosol.de\\\/\",\"name\":\"Hydrosol GmbH & Co. KG \u2013 Stabilisierungs- und Texturierungssysteme Lebensmittel\",\"description\":\"We texture taste.\",\"publisher\":{\"@id\":\"https:\\\/\\\/hydrosol.de\\\/#organization\"},\"potentialAction\":[{\"@type\":\"SearchAction\",\"target\":{\"@type\":\"EntryPoint\",\"urlTemplate\":\"https:\\\/\\\/hydrosol.de\\\/?s={search_term_string}\"},\"query-input\":{\"@type\":\"PropertyValueSpecification\",\"valueRequired\":true,\"valueName\":\"search_term_string\"}}],\"inLanguage\":\"es\"},{\"@type\":\"Organization\",\"@id\":\"https:\\\/\\\/hydrosol.de\\\/#organization\",\"name\":\"Hydrosol GmbH & Co. KG\",\"url\":\"https:\\\/\\\/hydrosol.de\\\/\",\"logo\":{\"@type\":\"ImageObject\",\"inLanguage\":\"es\",\"@id\":\"https:\\\/\\\/hydrosol.de\\\/#\\\/schema\\\/logo\\\/image\\\/\",\"url\":\"https:\\\/\\\/hydrosol.de\\\/wp-content\\\/uploads\\\/2024\\\/04\\\/hydrosol-logo-simpel.svg\",\"contentUrl\":\"https:\\\/\\\/hydrosol.de\\\/wp-content\\\/uploads\\\/2024\\\/04\\\/hydrosol-logo-simpel.svg\",\"width\":236,\"height\":70,\"caption\":\"Hydrosol GmbH & Co. KG\"},\"image\":{\"@id\":\"https:\\\/\\\/hydrosol.de\\\/#\\\/schema\\\/logo\\\/image\\\/\"},\"sameAs\":[\"https:\\\/\\\/x.com\\\/hydrosolsocial\",\"https:\\\/\\\/www.instagram.com\\\/hydrosol_wetexturetaste\\\/\",\"https:\\\/\\\/www.linkedin.com\\\/company\\\/hydrosol-wetexturetaste\\\/posts\\\/?feedView=all\"]}]}<\/script>\n<!-- \/ Yoast SEO plugin. -->","yoast_head_json":{"title":"Boletin Confirmacion - hydrosol","robots":{"index":"index","follow":"follow","max-snippet":"max-snippet:-1","max-image-preview":"max-image-preview:large","max-video-preview":"max-video-preview:-1"},"canonical":"https:\/\/hydrosol.de\/es\/boletin-confirmacion\/","og_locale":"es_ES","og_type":"article","og_title":"Boletin Confirmacion - hydrosol","og_description":"\u00a1Gracias por su inter\u00e9s! Su suscripci\u00f3n al bolet\u00edn de Hydrosol est\u00e1 casi completa. Por favor, confirme su suscripci\u00f3n haciendo clic en el enlace del correo electr\u00f3nico que le acabamos de enviar.Muy pronto recibir\u00e1 novedades e interesantes contenidos sobre nuestros productos y servicios. Leche Las tendencias actuales del mercado orientan el desarrollo de nuestros sistemas estabilizantes. [&hellip;]","og_url":"https:\/\/hydrosol.de\/es\/boletin-confirmacion\/","og_site_name":"hydrosol","article_modified_time":"2025-06-20T09:57:11+00:00","og_image":[{"width":800,"height":1200,"url":"https:\/\/hydrosol.de\/wp-content\/uploads\/2024\/09\/Moments-of-flavour-yogurt-1.jpg","type":"image\/jpeg"}],"twitter_card":"summary_large_image","twitter_site":"@hydrosolsocial","twitter_misc":{"Tiempo de lectura":"1 minuto"},"schema":{"@context":"https:\/\/schema.org","@graph":[{"@type":"WebPage","@id":"https:\/\/hydrosol.de\/es\/boletin-confirmacion\/","url":"https:\/\/hydrosol.de\/es\/boletin-confirmacion\/","name":"Boletin Confirmacion - hydrosol","isPartOf":{"@id":"https:\/\/hydrosol.de\/#website"},"primaryImageOfPage":{"@id":"https:\/\/hydrosol.de\/es\/boletin-confirmacion\/#primaryimage"},"image":{"@id":"https:\/\/hydrosol.de\/es\/boletin-confirmacion\/#primaryimage"},"thumbnailUrl":"https:\/\/hydrosol.de\/wp-content\/uploads\/2024\/09\/Moments-of-flavour-yogurt-1.jpg","datePublished":"2024-10-17T14:46:17+00:00","dateModified":"2025-06-20T09:57:11+00:00","breadcrumb":{"@id":"https:\/\/hydrosol.de\/es\/boletin-confirmacion\/#breadcrumb"},"inLanguage":"es","potentialAction":[{"@type":"ReadAction","target":["https:\/\/hydrosol.de\/es\/boletin-confirmacion\/"]}]},{"@type":"ImageObject","inLanguage":"es","@id":"https:\/\/hydrosol.de\/es\/boletin-confirmacion\/#primaryimage","url":"https:\/\/hydrosol.de\/wp-content\/uploads\/2024\/09\/Moments-of-flavour-yogurt-1.jpg","contentUrl":"https:\/\/hydrosol.de\/wp-content\/uploads\/2024\/09\/Moments-of-flavour-yogurt-1.jpg"},{"@type":"BreadcrumbList","@id":"https:\/\/hydrosol.de\/es\/boletin-confirmacion\/#breadcrumb","itemListElement":[{"@type":"ListItem","position":1,"name":"Startseite","item":"https:\/\/hydrosol.de\/es\/pagina-principal\/"},{"@type":"ListItem","position":2,"name":"Boletin Confirmacion"}]},{"@type":"WebSite","@id":"https:\/\/hydrosol.de\/#website","url":"https:\/\/hydrosol.de\/","name":"Hydrosol GmbH & Co. KG \u2013 Stabilisierungs- und Texturierungssysteme Lebensmittel","description":"We texture taste.","publisher":{"@id":"https:\/\/hydrosol.de\/#organization"},"potentialAction":[{"@type":"SearchAction","target":{"@type":"EntryPoint","urlTemplate":"https:\/\/hydrosol.de\/?s={search_term_string}"},"query-input":{"@type":"PropertyValueSpecification","valueRequired":true,"valueName":"search_term_string"}}],"inLanguage":"es"},{"@type":"Organization","@id":"https:\/\/hydrosol.de\/#organization","name":"Hydrosol GmbH & Co. KG","url":"https:\/\/hydrosol.de\/","logo":{"@type":"ImageObject","inLanguage":"es","@id":"https:\/\/hydrosol.de\/#\/schema\/logo\/image\/","url":"https:\/\/hydrosol.de\/wp-content\/uploads\/2024\/04\/hydrosol-logo-simpel.svg","contentUrl":"https:\/\/hydrosol.de\/wp-content\/uploads\/2024\/04\/hydrosol-logo-simpel.svg","width":236,"height":70,"caption":"Hydrosol GmbH & Co. KG"},"image":{"@id":"https:\/\/hydrosol.de\/#\/schema\/logo\/image\/"},"sameAs":["https:\/\/x.com\/hydrosolsocial","https:\/\/www.instagram.com\/hydrosol_wetexturetaste\/","https:\/\/www.linkedin.com\/company\/hydrosol-wetexturetaste\/posts\/?feedView=all"]}]}},"_links":{"self":[{"href":"https:\/\/hydrosol.de\/es\/wp-json\/wp\/v2\/pages\/6978","targetHints":{"allow":["GET"]}}],"collection":[{"href":"https:\/\/hydrosol.de\/es\/wp-json\/wp\/v2\/pages"}],"about":[{"href":"https:\/\/hydrosol.de\/es\/wp-json\/wp\/v2\/types\/page"}],"author":[{"embeddable":true,"href":"https:\/\/hydrosol.de\/es\/wp-json\/wp\/v2\/users\/7"}],"replies":[{"embeddable":true,"href":"https:\/\/hydrosol.de\/es\/wp-json\/wp\/v2\/comments?post=6978"}],"version-history":[{"count":2,"href":"https:\/\/hydrosol.de\/es\/wp-json\/wp\/v2\/pages\/6978\/revisions"}],"predecessor-version":[{"id":9164,"href":"https:\/\/hydrosol.de\/es\/wp-json\/wp\/v2\/pages\/6978\/revisions\/9164"}],"wp:attachment":[{"href":"https:\/\/hydrosol.de\/es\/wp-json\/wp\/v2\/media?parent=6978"}],"curies":[{"name":"wp","href":"https:\/\/api.w.org\/{rel}","templated":true}]}}