{"id":5594,"date":"2024-08-30T14:37:25","date_gmt":"2024-08-30T12:37:25","guid":{"rendered":"https:\/\/new.hydrosol.de\/informacion-obligatoria\/"},"modified":"2025-09-22T15:23:08","modified_gmt":"2025-09-22T13:23:08","slug":"informacion-obligatoria","status":"publish","type":"page","link":"https:\/\/hydrosol.de\/es\/informacion-obligatoria\/","title":{"rendered":"Informaci\u00f3n obligatoria"},"content":{"rendered":"\t\t<div data-elementor-type=\"wp-page\" data-elementor-id=\"5594\" class=\"elementor elementor-5594 elementor-2462\" data-elementor-settings=\"{&quot;ha_cmc_init_switcher&quot;:&quot;no&quot;}\" data-elementor-post-type=\"page\">\n\t\t\t\t<div class=\"elementor-element elementor-element-1f8c3993 e-flex e-con-boxed e-con e-parent\" data-id=\"1f8c3993\" data-element_type=\"container\" data-e-type=\"container\" data-settings=\"{&quot;background_background&quot;:&quot;classic&quot;,&quot;_ha_eqh_enable&quot;:false}\">\n\t\t\t\t\t<div class=\"e-con-inner\">\n\t\t<div class=\"elementor-element elementor-element-1bdaf5ad e-con-full e-flex e-con e-child\" data-id=\"1bdaf5ad\" data-element_type=\"container\" data-e-type=\"container\" data-settings=\"{&quot;_ha_eqh_enable&quot;:false}\">\n\t\t\t\t<div class=\"elementor-element elementor-element-6f06f431 elementor-widget elementor-widget-heading\" data-id=\"6f06f431\" data-element_type=\"widget\" data-e-type=\"widget\" data-widget_type=\"heading.default\">\n\t\t\t\t<div class=\"elementor-widget-container\">\n\t\t\t\t\t<h1 class=\"elementor-heading-title elementor-size-default\">Informaci\u00f3n obligatoria<\/h1>\t\t\t\t<\/div>\n\t\t\t\t<\/div>\n\t\t\t\t<div class=\"elementor-element elementor-element-1e3b069d elementor-widget elementor-widget-text-editor\" data-id=\"1e3b069d\" data-element_type=\"widget\" data-e-type=\"widget\" data-widget_type=\"text-editor.default\">\n\t\t\t\t<div class=\"elementor-widget-container\">\n\t\t\t\t\t\t\t\t\t<p>Hydrosol GmbH &amp; Co. KG<br>Una empresa del Stern-Wywiol Gruppe<\/p>\t\t\t\t\t\t\t\t<\/div>\n\t\t\t\t<\/div>\n\t\t\t\t<div class=\"elementor-element elementor-element-dc39e2e elementor-widget elementor-widget-text-editor\" data-id=\"dc39e2e\" data-element_type=\"widget\" data-e-type=\"widget\" data-widget_type=\"text-editor.default\">\n\t\t\t\t<div class=\"elementor-widget-container\">\n\t\t\t\t\t\t\t\t\t<p><strong>Direcci\u00f3n:<\/strong><br>Kurt-Fischer-Stra\u00dfe 55<br>22926 Ahrensburg<br>Deutschland<\/p><p>Tel\u00e9fono: +49 4102 202 003<br>E-Mail: info@hydrosol.de<\/p><p>Registro Mercantil: Juzgado de Primera Instancia de L\u00fcbeck HRA 2953 AH<br>representada por su socio gerente:<br>Hydrosol Verwaltungsgesellschaft mbH (socio responsable),<br>Juzgado de Primera Instancia de L\u00fcbeck, HRB 3679 AH<br>est\u00e1 representada por su director general:<br>Dr. Matthias Moser.<\/p><p>N\u00ba IVA: DE 180 888 726<br>N\u00famero de control ecol\u00f3gico: DE-\u00d6KO-001<\/p>\t\t\t\t\t\t\t\t<\/div>\n\t\t\t\t<\/div>\n\t\t\t\t<div class=\"elementor-element elementor-element-0a567a0 elementor-widget elementor-widget-text-editor\" data-id=\"0a567a0\" data-element_type=\"widget\" data-e-type=\"widget\" data-widget_type=\"text-editor.default\">\n\t\t\t\t<div class=\"elementor-widget-container\">\n\t\t\t\t\t\t\t\t\t<p><strong>Licencias de im\u00e1genes:<\/strong><br>Todas las im\u00e1genes utilizadas en este sitio son propiedad de Hydrosol GmbH &amp; Co. KG o han sido autorizadas para su uso en este sitio web mediante la compra de una licencia a Getty Images.<\/p>\t\t\t\t\t\t\t\t<\/div>\n\t\t\t\t<\/div>\n\t\t\t\t<\/div>\n\t\t\t\t\t<\/div>\n\t\t\t\t<\/div>\n\t\t\t\t<\/div>\n\t\t","protected":false},"excerpt":{"rendered":"<p>Informaci\u00f3n obligatoria Hydrosol GmbH &amp; Co. KGUna empresa del Stern-Wywiol Gruppe Direcci\u00f3n:Kurt-Fischer-Stra\u00dfe 5522926 AhrensburgDeutschland Tel\u00e9fono: +49 4102 202 003E-Mail: info@hydrosol.de Registro Mercantil: Juzgado de Primera Instancia de L\u00fcbeck HRA 2953 AHrepresentada por su socio gerente:Hydrosol Verwaltungsgesellschaft mbH (socio responsable),Juzgado de Primera Instancia de L\u00fcbeck, HRB 3679 AHest\u00e1 representada por su director general:Dr. Matthias Moser. N\u00ba [&hellip;]<\/p>\n","protected":false},"author":7,"featured_media":0,"parent":0,"menu_order":0,"comment_status":"closed","ping_status":"closed","template":"","meta":{"footnotes":""},"class_list":["post-5594","page","type-page","status-publish","hentry"],"yoast_head":"<!-- This site is optimized with the Yoast SEO plugin v27.3 - https:\/\/yoast.com\/product\/yoast-seo-wordpress\/ -->\n<title>Informaci\u00f3n obligatoria | Hydrosol<\/title>\n<meta name=\"description\" content=\"Hydrosol GmbH &amp; Co. KG | Kurt-Fischer-Stra\u00dfe 55 | 22926 Ahrensburg, Deutschland | \u260e +49 4102 202 003 | E-Mail: info@hydrosol.de\" \/>\n<meta name=\"robots\" content=\"index, follow, max-snippet:-1, max-image-preview:large, max-video-preview:-1\" \/>\n<link rel=\"canonical\" href=\"https:\/\/hydrosol.de\/es\/informacion-obligatoria\/\" \/>\n<meta property=\"og:locale\" content=\"es_ES\" \/>\n<meta property=\"og:type\" content=\"article\" \/>\n<meta property=\"og:title\" content=\"Informaci\u00f3n obligatoria | Hydrosol\" \/>\n<meta property=\"og:description\" content=\"Hydrosol GmbH &amp; Co. KG | Kurt-Fischer-Stra\u00dfe 55 | 22926 Ahrensburg, Deutschland | \u260e +49 4102 202 003 | E-Mail: info@hydrosol.de\" \/>\n<meta property=\"og:url\" content=\"https:\/\/hydrosol.de\/es\/informacion-obligatoria\/\" \/>\n<meta property=\"og:site_name\" content=\"hydrosol\" \/>\n<meta property=\"article:modified_time\" content=\"2025-09-22T13:23:08+00:00\" \/>\n<meta name=\"twitter:card\" content=\"summary_large_image\" \/>\n<meta name=\"twitter:site\" content=\"@hydrosolsocial\" \/>\n<meta name=\"twitter:label1\" content=\"Tiempo de lectura\" \/>\n\t<meta name=\"twitter:data1\" content=\"1 minuto\" \/>\n<script type=\"application\/ld+json\" class=\"yoast-schema-graph\">{\"@context\":\"https:\\\/\\\/schema.org\",\"@graph\":[{\"@type\":\"WebPage\",\"@id\":\"https:\\\/\\\/hydrosol.de\\\/es\\\/informacion-obligatoria\\\/\",\"url\":\"https:\\\/\\\/hydrosol.de\\\/es\\\/informacion-obligatoria\\\/\",\"name\":\"Informaci\u00f3n obligatoria | Hydrosol\",\"isPartOf\":{\"@id\":\"https:\\\/\\\/hydrosol.de\\\/#website\"},\"datePublished\":\"2024-08-30T12:37:25+00:00\",\"dateModified\":\"2025-09-22T13:23:08+00:00\",\"description\":\"Hydrosol GmbH & Co. KG | Kurt-Fischer-Stra\u00dfe 55 | 22926 Ahrensburg, Deutschland | \u260e +49 4102 202 003 | E-Mail: info@hydrosol.de\",\"breadcrumb\":{\"@id\":\"https:\\\/\\\/hydrosol.de\\\/es\\\/informacion-obligatoria\\\/#breadcrumb\"},\"inLanguage\":\"es\",\"potentialAction\":[{\"@type\":\"ReadAction\",\"target\":[\"https:\\\/\\\/hydrosol.de\\\/es\\\/informacion-obligatoria\\\/\"]}]},{\"@type\":\"BreadcrumbList\",\"@id\":\"https:\\\/\\\/hydrosol.de\\\/es\\\/informacion-obligatoria\\\/#breadcrumb\",\"itemListElement\":[{\"@type\":\"ListItem\",\"position\":1,\"name\":\"Startseite\",\"item\":\"https:\\\/\\\/hydrosol.de\\\/es\\\/pagina-principal\\\/\"},{\"@type\":\"ListItem\",\"position\":2,\"name\":\"Informaci\u00f3n obligatoria\"}]},{\"@type\":\"WebSite\",\"@id\":\"https:\\\/\\\/hydrosol.de\\\/#website\",\"url\":\"https:\\\/\\\/hydrosol.de\\\/\",\"name\":\"Hydrosol GmbH & Co. KG \u2013 Stabilisierungs- und Texturierungssysteme Lebensmittel\",\"description\":\"We texture taste.\",\"publisher\":{\"@id\":\"https:\\\/\\\/hydrosol.de\\\/#organization\"},\"potentialAction\":[{\"@type\":\"SearchAction\",\"target\":{\"@type\":\"EntryPoint\",\"urlTemplate\":\"https:\\\/\\\/hydrosol.de\\\/?s={search_term_string}\"},\"query-input\":{\"@type\":\"PropertyValueSpecification\",\"valueRequired\":true,\"valueName\":\"search_term_string\"}}],\"inLanguage\":\"es\"},{\"@type\":\"Organization\",\"@id\":\"https:\\\/\\\/hydrosol.de\\\/#organization\",\"name\":\"Hydrosol GmbH & Co. KG\",\"url\":\"https:\\\/\\\/hydrosol.de\\\/\",\"logo\":{\"@type\":\"ImageObject\",\"inLanguage\":\"es\",\"@id\":\"https:\\\/\\\/hydrosol.de\\\/#\\\/schema\\\/logo\\\/image\\\/\",\"url\":\"https:\\\/\\\/hydrosol.de\\\/wp-content\\\/uploads\\\/2024\\\/04\\\/hydrosol-logo-simpel.svg\",\"contentUrl\":\"https:\\\/\\\/hydrosol.de\\\/wp-content\\\/uploads\\\/2024\\\/04\\\/hydrosol-logo-simpel.svg\",\"width\":236,\"height\":70,\"caption\":\"Hydrosol GmbH & Co. KG\"},\"image\":{\"@id\":\"https:\\\/\\\/hydrosol.de\\\/#\\\/schema\\\/logo\\\/image\\\/\"},\"sameAs\":[\"https:\\\/\\\/x.com\\\/hydrosolsocial\",\"https:\\\/\\\/www.instagram.com\\\/hydrosol_wetexturetaste\\\/\",\"https:\\\/\\\/www.linkedin.com\\\/company\\\/hydrosol-wetexturetaste\\\/posts\\\/?feedView=all\"]}]}<\/script>\n<!-- \/ Yoast SEO plugin. -->","yoast_head_json":{"title":"Informaci\u00f3n obligatoria | Hydrosol","description":"Hydrosol GmbH & Co. KG | Kurt-Fischer-Stra\u00dfe 55 | 22926 Ahrensburg, Deutschland | \u260e +49 4102 202 003 | E-Mail: info@hydrosol.de","robots":{"index":"index","follow":"follow","max-snippet":"max-snippet:-1","max-image-preview":"max-image-preview:large","max-video-preview":"max-video-preview:-1"},"canonical":"https:\/\/hydrosol.de\/es\/informacion-obligatoria\/","og_locale":"es_ES","og_type":"article","og_title":"Informaci\u00f3n obligatoria | Hydrosol","og_description":"Hydrosol GmbH & Co. KG | Kurt-Fischer-Stra\u00dfe 55 | 22926 Ahrensburg, Deutschland | \u260e +49 4102 202 003 | E-Mail: info@hydrosol.de","og_url":"https:\/\/hydrosol.de\/es\/informacion-obligatoria\/","og_site_name":"hydrosol","article_modified_time":"2025-09-22T13:23:08+00:00","twitter_card":"summary_large_image","twitter_site":"@hydrosolsocial","twitter_misc":{"Tiempo de lectura":"1 minuto"},"schema":{"@context":"https:\/\/schema.org","@graph":[{"@type":"WebPage","@id":"https:\/\/hydrosol.de\/es\/informacion-obligatoria\/","url":"https:\/\/hydrosol.de\/es\/informacion-obligatoria\/","name":"Informaci\u00f3n obligatoria | Hydrosol","isPartOf":{"@id":"https:\/\/hydrosol.de\/#website"},"datePublished":"2024-08-30T12:37:25+00:00","dateModified":"2025-09-22T13:23:08+00:00","description":"Hydrosol GmbH & Co. KG | Kurt-Fischer-Stra\u00dfe 55 | 22926 Ahrensburg, Deutschland | \u260e +49 4102 202 003 | E-Mail: info@hydrosol.de","breadcrumb":{"@id":"https:\/\/hydrosol.de\/es\/informacion-obligatoria\/#breadcrumb"},"inLanguage":"es","potentialAction":[{"@type":"ReadAction","target":["https:\/\/hydrosol.de\/es\/informacion-obligatoria\/"]}]},{"@type":"BreadcrumbList","@id":"https:\/\/hydrosol.de\/es\/informacion-obligatoria\/#breadcrumb","itemListElement":[{"@type":"ListItem","position":1,"name":"Startseite","item":"https:\/\/hydrosol.de\/es\/pagina-principal\/"},{"@type":"ListItem","position":2,"name":"Informaci\u00f3n obligatoria"}]},{"@type":"WebSite","@id":"https:\/\/hydrosol.de\/#website","url":"https:\/\/hydrosol.de\/","name":"Hydrosol GmbH & Co. KG \u2013 Stabilisierungs- und Texturierungssysteme Lebensmittel","description":"We texture taste.","publisher":{"@id":"https:\/\/hydrosol.de\/#organization"},"potentialAction":[{"@type":"SearchAction","target":{"@type":"EntryPoint","urlTemplate":"https:\/\/hydrosol.de\/?s={search_term_string}"},"query-input":{"@type":"PropertyValueSpecification","valueRequired":true,"valueName":"search_term_string"}}],"inLanguage":"es"},{"@type":"Organization","@id":"https:\/\/hydrosol.de\/#organization","name":"Hydrosol GmbH & Co. KG","url":"https:\/\/hydrosol.de\/","logo":{"@type":"ImageObject","inLanguage":"es","@id":"https:\/\/hydrosol.de\/#\/schema\/logo\/image\/","url":"https:\/\/hydrosol.de\/wp-content\/uploads\/2024\/04\/hydrosol-logo-simpel.svg","contentUrl":"https:\/\/hydrosol.de\/wp-content\/uploads\/2024\/04\/hydrosol-logo-simpel.svg","width":236,"height":70,"caption":"Hydrosol GmbH & Co. KG"},"image":{"@id":"https:\/\/hydrosol.de\/#\/schema\/logo\/image\/"},"sameAs":["https:\/\/x.com\/hydrosolsocial","https:\/\/www.instagram.com\/hydrosol_wetexturetaste\/","https:\/\/www.linkedin.com\/company\/hydrosol-wetexturetaste\/posts\/?feedView=all"]}]}},"_links":{"self":[{"href":"https:\/\/hydrosol.de\/es\/wp-json\/wp\/v2\/pages\/5594","targetHints":{"allow":["GET"]}}],"collection":[{"href":"https:\/\/hydrosol.de\/es\/wp-json\/wp\/v2\/pages"}],"about":[{"href":"https:\/\/hydrosol.de\/es\/wp-json\/wp\/v2\/types\/page"}],"author":[{"embeddable":true,"href":"https:\/\/hydrosol.de\/es\/wp-json\/wp\/v2\/users\/7"}],"replies":[{"embeddable":true,"href":"https:\/\/hydrosol.de\/es\/wp-json\/wp\/v2\/comments?post=5594"}],"version-history":[{"count":4,"href":"https:\/\/hydrosol.de\/es\/wp-json\/wp\/v2\/pages\/5594\/revisions"}],"predecessor-version":[{"id":9492,"href":"https:\/\/hydrosol.de\/es\/wp-json\/wp\/v2\/pages\/5594\/revisions\/9492"}],"wp:attachment":[{"href":"https:\/\/hydrosol.de\/es\/wp-json\/wp\/v2\/media?parent=5594"}],"curies":[{"name":"wp","href":"https:\/\/api.w.org\/{rel}","templated":true}]}}