{"id":4847,"date":"2024-07-04T10:59:07","date_gmt":"2024-07-04T08:59:07","guid":{"rendered":"https:\/\/new.hydrosol.de\/delicatesen\/sistemas-estabilizantes-para-salsas-claras\/"},"modified":"2024-10-30T08:49:15","modified_gmt":"2024-10-30T07:49:15","slug":"sistemas-estabilizantes-para-salsas-claras","status":"publish","type":"page","link":"https:\/\/hydrosol.de\/es\/productos\/delicatesen\/sistemas-estabilizantes-para-salsas-claras\/","title":{"rendered":"Sistemas estabilizantes para salsas claras"},"content":{"rendered":"\t\t<div data-elementor-type=\"wp-page\" data-elementor-id=\"4847\" class=\"elementor elementor-4847 elementor-1581\" data-elementor-settings=\"{&quot;ha_cmc_init_switcher&quot;:&quot;no&quot;}\" data-elementor-post-type=\"page\">\n\t\t\t\t<div class=\"elementor-element elementor-element-27600d87 e-flex e-con-boxed e-con e-parent\" data-id=\"27600d87\" data-element_type=\"container\" data-e-type=\"container\" data-settings=\"{&quot;_ha_eqh_enable&quot;:false}\">\n\t\t\t\t\t<div class=\"e-con-inner\">\n\t\t<div class=\"elementor-element elementor-element-68f0ee97 e-flex e-con-boxed e-con e-child\" data-id=\"68f0ee97\" data-element_type=\"container\" data-e-type=\"container\" data-settings=\"{&quot;_ha_eqh_enable&quot;:false}\">\n\t\t\t\t\t<div class=\"e-con-inner\">\n\t\t\t\t<div class=\"elementor-element elementor-element-2f475941 elementor-widget elementor-widget-heading\" data-id=\"2f475941\" data-element_type=\"widget\" data-e-type=\"widget\" data-widget_type=\"heading.default\">\n\t\t\t\t<div class=\"elementor-widget-container\">\n\t\t\t\t\t<h1 class=\"elementor-heading-title elementor-size-default\">Sistemas estabilizantes para salsas claras<\/h1>\t\t\t\t<\/div>\n\t\t\t\t<\/div>\n\t\t\t\t\t<\/div>\n\t\t\t\t<\/div>\n\t\t<div class=\"elementor-element elementor-element-3febb541 e-con-full e-flex e-con e-child\" data-id=\"3febb541\" data-element_type=\"container\" data-e-type=\"container\" data-settings=\"{&quot;_ha_eqh_enable&quot;:false}\">\n\t\t<div class=\"elementor-element elementor-element-60080973 e-con-full e-flex e-con e-child\" data-id=\"60080973\" data-element_type=\"container\" data-e-type=\"container\" data-settings=\"{&quot;background_background&quot;:&quot;classic&quot;,&quot;_ha_eqh_enable&quot;:false}\">\n\t\t\t\t<\/div>\n\t\t\t\t<\/div>\n\t\t\t\t\t<\/div>\n\t\t\t\t<\/div>\n\t\t<div class=\"elementor-element elementor-element-107ef862 e-flex e-con-boxed e-con e-parent\" data-id=\"107ef862\" data-element_type=\"container\" data-e-type=\"container\" data-settings=\"{&quot;background_background&quot;:&quot;classic&quot;,&quot;_ha_eqh_enable&quot;:false}\">\n\t\t\t\t\t<div class=\"e-con-inner\">\n\t\t<div class=\"elementor-element elementor-element-4724f63e e-con-full e-flex e-con e-child\" data-id=\"4724f63e\" data-element_type=\"container\" data-e-type=\"container\" data-settings=\"{&quot;_ha_eqh_enable&quot;:false}\">\n\t\t\t\t<div class=\"elementor-element elementor-element-5b27d674 elementor-widget elementor-widget-text-editor\" data-id=\"5b27d674\" data-element_type=\"widget\" data-e-type=\"widget\" data-widget_type=\"text-editor.default\">\n\t\t\t\t<div class=\"elementor-widget-container\">\n\t\t\t\t\t\t\t\t\t<p>En Hydrosol encontrar\u00e1 lo que busca: sistemas estabilizantes innovadores y de alta calidad, especialmente desarrollados para la producci\u00f3n de salsas emulsificadas.<\/p>\n\t\t\t\t\t\t\t\t<\/div>\n\t\t\t\t<\/div>\n\t\t\t\t<\/div>\n\t\t<div class=\"elementor-element elementor-element-d4cdba1 e-con-full e-flex e-con e-child\" data-id=\"d4cdba1\" data-element_type=\"container\" data-e-type=\"container\" data-settings=\"{&quot;_ha_eqh_enable&quot;:false}\">\n\t\t\t\t<div class=\"elementor-element elementor-element-97c2a0c ha-toggle--icon-right ha-has-bg-overlay elementor-widget elementor-widget-ha-toggle happy-addon ha-toggle happy-addon-pro\" data-id=\"97c2a0c\" data-element_type=\"widget\" data-e-type=\"widget\" data-widget_type=\"ha-toggle.default\">\n\t\t\t\t<div class=\"elementor-widget-container\">\n\t\t\t\t\t\t\t<div class=\"ha-toggle__wrapper\" role=\"tablist\">\n\t\t\t\t\t\t\t<div class=\"ha-toggle__item\">\n\t\t\t\t\t<div id=\"ha-toggle__item-title-1591\" class=\"ha-toggle__item-title\" data-tab=\"1\" role=\"tab\" aria-controls=\"ha-toggle__item-content-1591\">\n\t\t\t\t\t\t\t\t\t\t\t\t\t<span class=\"ha-toggle__item-icon ha-toggle__icon\" aria-hidden=\"true\">\n\t\t\t\t\t\t\t\t\t\t\t\t\t\t\t\t\t<span class=\"ha-toggle__icon--closed\"><i class=\"icon icon-download-arrow\"><\/i><\/span>\n\t\t\t\t\t\t\t\t\t\t\t\t\t\t\t\t\t\t\t\t\t\t\t\t\t<span class=\"ha-toggle__icon--opened\"><i class=\"icon icon-up-arrow\"><\/i><\/span>\n\t\t\t\t\t\t\t\t\t\t\t\t\t\t\t<\/span>\n\t\t\t\t\t\t\t\t\t\t\t\t<div class=\"ha-toggle__item-title-inner\">\n\t\t\t\t\t\t\t\t\t\t\t\t\t\t<span class=\"ha-toggle__item-title-text\">Salsas emulsificadas<\/span>\n\t\t\t\t\t\t<\/div>\n\t\t\t\t\t<\/div>\n\t\t\t\t\t<div id=\"ha-toggle__item-content-1591\" class=\"ha-toggle__item-content\" data-tab=\"1\" role=\"tabpanel\" aria-labelledby=\"ha-toggle__item-title-1591\">\n\t\t\t\t\t\t\t\t<div data-elementor-type=\"section\" data-elementor-id=\"4863\" class=\"elementor elementor-4863 elementor-1540 elementor-1540\" data-elementor-settings=\"{&quot;ha_cmc_init_switcher&quot;:&quot;no&quot;}\" data-elementor-post-type=\"elementor_library\">\n\t\t\t<div class=\"elementor-element elementor-element-f1ff987 e-con-full e-flex e-con e-parent\" data-id=\"f1ff987\" data-element_type=\"container\" data-e-type=\"container\" data-settings=\"{&quot;_ha_eqh_enable&quot;:false}\">\n\t\t<div class=\"elementor-element elementor-element-9a6934c e-con-full e-flex e-con e-child\" data-id=\"9a6934c\" data-element_type=\"container\" data-e-type=\"container\" data-settings=\"{&quot;_ha_eqh_enable&quot;:false}\">\n\t\t<div class=\"elementor-element elementor-element-a748350 e-con-full e-flex e-con e-child\" data-id=\"a748350\" data-element_type=\"container\" data-e-type=\"container\" data-settings=\"{&quot;background_background&quot;:&quot;classic&quot;,&quot;_ha_eqh_enable&quot;:false}\">\n\t\t\t\t<\/div>\n\t\t\t\t<div class=\"elementor-element elementor-element-7d06580 elementor-widget elementor-widget-text-editor\" data-id=\"7d06580\" data-element_type=\"widget\" data-e-type=\"widget\" data-widget_type=\"text-editor.default\">\n\t\t\t\t<div class=\"elementor-widget-container\">\n\t\t\t\t\t\t\t\t\t<p>Nuestros sistemas estabilizantes facilitan la producci\u00f3n de salsas emulsificadas, como la salsa bechamel o la salsa holandesa, acidificadas y pasteurizadas, lo que las hace perfectas para la producci\u00f3n en caliente. Nuestros productos le proporcionan una salsa con la consistencia y estabilidad adecuadas, que cumple las normas de calidad m\u00e1s exigentes.  <\/p>\n\t\t\t\t\t\t\t\t<\/div>\n\t\t\t\t<\/div>\n\t\t\t\t<div class=\"elementor-element elementor-element-d34c7c1 elementor-widget elementor-widget-template\" data-id=\"d34c7c1\" data-element_type=\"widget\" data-e-type=\"widget\" data-widget_type=\"template.default\">\n\t\t\t\t<div class=\"elementor-widget-container\">\n\t\t\t\t\t\t\t<div class=\"elementor-template\">\n\t\t\t\t\t<div data-elementor-type=\"section\" data-elementor-id=\"7941\" class=\"elementor elementor-7941 elementor-7896 elementor-7896 elementor-7896\" data-elementor-settings=\"{&quot;ha_cmc_init_switcher&quot;:&quot;no&quot;}\" data-elementor-post-type=\"elementor_library\">\n\t\t\t<div class=\"elementor-element elementor-element-38462c7 e-con-full e-flex e-con e-parent\" data-id=\"38462c7\" data-element_type=\"container\" data-e-type=\"container\" data-settings=\"{&quot;_ha_eqh_enable&quot;:false}\">\n\t\t\t\t<div class=\"elementor-element elementor-element-0cce197 hydrosolbutton elementor-widget elementor-widget-button\" data-id=\"0cce197\" data-element_type=\"widget\" data-e-type=\"widget\" data-widget_type=\"button.default\">\n\t\t\t\t<div class=\"elementor-widget-container\">\n\t\t\t\t\t\t\t\t\t<div class=\"elementor-button-wrapper\">\n\t\t\t\t\t<a class=\"elementor-button elementor-button-link elementor-size-sm\" href=\"https:\/\/hydrosol.de\/es\/contacto\/\">\n\t\t\t\t\t\t<span class=\"elementor-button-content-wrapper\">\n\t\t\t\t\t\t\t\t\t<span class=\"elementor-button-text\">Solicitar material informativo<\/span>\n\t\t\t\t\t<\/span>\n\t\t\t\t\t<\/a>\n\t\t\t\t<\/div>\n\t\t\t\t\t\t\t\t<\/div>\n\t\t\t\t<\/div>\n\t\t\t\t<\/div>\n\t\t\t\t<\/div>\n\t\t\t\t<\/div>\n\t\t\t\t\t\t<\/div>\n\t\t\t\t<\/div>\n\t\t\t\t<\/div>\n\t\t\t\t<\/div>\n\t\t\t\t<\/div>\n\t\t\t\t\t\t\t<\/div>\n\t\t\t\t<\/div>\n\t\t\t\t\t<\/div>\n\t\t\t\t\t\t<\/div>\n\t\t\t\t<\/div>\n\t\t\t\t<\/div>\n\t\t\t\t\t<\/div>\n\t\t\t\t<\/div>\n\t\t<div class=\"elementor-element elementor-element-4e885f29 e-flex e-con-boxed e-con e-parent\" data-id=\"4e885f29\" data-element_type=\"container\" data-e-type=\"container\" data-settings=\"{&quot;_ha_eqh_enable&quot;:false}\">\n\t\t\t\t\t<div class=\"e-con-inner\">\n\t\t<div class=\"elementor-element elementor-element-1b827093 e-con-full e-flex e-con e-child\" data-id=\"1b827093\" data-element_type=\"container\" data-e-type=\"container\" data-settings=\"{&quot;_ha_eqh_enable&quot;:false}\">\n\t\t\t\t<div class=\"elementor-element elementor-element-e8aeaf8 elementor-widget elementor-widget-template\" data-id=\"e8aeaf8\" data-element_type=\"widget\" data-e-type=\"widget\" data-widget_type=\"template.default\">\n\t\t\t\t<div class=\"elementor-widget-container\">\n\t\t\t\t\t\t\t<div class=\"elementor-template\">\n\t\t\t\t\t<div data-elementor-type=\"section\" data-elementor-id=\"8147\" class=\"elementor elementor-8147 elementor-8138 elementor-8138\" data-elementor-settings=\"{&quot;ha_cmc_init_switcher&quot;:&quot;no&quot;}\" data-elementor-post-type=\"elementor_library\">\n\t\t\t<div class=\"elementor-element elementor-element-d298562 e-flex e-con-boxed e-con e-parent\" data-id=\"d298562\" data-element_type=\"container\" data-e-type=\"container\" data-settings=\"{&quot;_ha_eqh_enable&quot;:false}\">\n\t\t\t\t\t<div class=\"e-con-inner\">\n\t\t\t\t<div class=\"elementor-element elementor-element-2687119 elementor-widget elementor-widget-heading\" data-id=\"2687119\" data-element_type=\"widget\" data-e-type=\"widget\" data-widget_type=\"heading.default\">\n\t\t\t\t<div class=\"elementor-widget-container\">\n\t\t\t\t\t<h2 class=\"elementor-heading-title elementor-size-default\">Benef\u00edciese de nuestras d\u00e9cadas de experiencia en el campo de las aplicaciones delicatesen<\/h2>\t\t\t\t<\/div>\n\t\t\t\t<\/div>\n\t\t\t\t\t<\/div>\n\t\t\t\t<\/div>\n\t\t\t\t<\/div>\n\t\t\t\t<\/div>\n\t\t\t\t\t\t<\/div>\n\t\t\t\t<\/div>\n\t\t\t\t<\/div>\n\t\t\t\t\t<\/div>\n\t\t\t\t<\/div>\n\t\t<div class=\"elementor-element elementor-element-5a7e9d9 e-flex e-con-boxed e-con e-parent\" data-id=\"5a7e9d9\" data-element_type=\"container\" data-e-type=\"container\" data-settings=\"{&quot;_ha_eqh_enable&quot;:false}\">\n\t\t\t\t\t<div class=\"e-con-inner\">\n\t\t<div data-ha-element-link=\"{&quot;url&quot;:&quot;https:\\\/\\\/hydrosol.de\\\/anwendungen\\\/feinkost\\\/stabilierungssysteme-fuer-mayonnaise-und-mayo-saucen\\\/&quot;,&quot;is_external&quot;:&quot;&quot;,&quot;nofollow&quot;:&quot;&quot;}\" style=\"cursor: pointer\" class=\"elementor-element elementor-element-329c123 e-con-full hs-hide-title e-flex e-con e-child\" data-id=\"329c123\" data-element_type=\"container\" data-e-type=\"container\" data-settings=\"{&quot;background_background&quot;:&quot;classic&quot;,&quot;_ha_eqh_enable&quot;:false}\">\n\t\t\t\t<div class=\"elementor-element elementor-element-ed61d93 elementor-widget elementor-widget-heading\" data-id=\"ed61d93\" data-element_type=\"widget\" data-e-type=\"widget\" data-widget_type=\"heading.default\">\n\t\t\t\t<div class=\"elementor-widget-container\">\n\t\t\t\t\t<h3 class=\"elementor-heading-title elementor-size-default\">Mayonesa y mayonesas ligeras<\/h3>\t\t\t\t<\/div>\n\t\t\t\t<\/div>\n\t\t\t\t<\/div>\n\t\t<div data-ha-element-link=\"{&quot;url&quot;:&quot;https:\\\/\\\/hydrosol.de\\\/anwendungen\\\/feinkost\\\/stabilierungssysteme-fuer-dressings\\\/&quot;,&quot;is_external&quot;:&quot;&quot;,&quot;nofollow&quot;:&quot;&quot;}\" style=\"cursor: pointer\" class=\"elementor-element elementor-element-9969e53 e-con-full hs-hide-title e-flex e-con e-child\" data-id=\"9969e53\" data-element_type=\"container\" data-e-type=\"container\" data-settings=\"{&quot;background_background&quot;:&quot;classic&quot;,&quot;_ha_eqh_enable&quot;:false}\">\n\t\t\t\t<div class=\"elementor-element elementor-element-15a9c4c elementor-widget elementor-widget-heading\" data-id=\"15a9c4c\" data-element_type=\"widget\" data-e-type=\"widget\" data-widget_type=\"heading.default\">\n\t\t\t\t<div class=\"elementor-widget-container\">\n\t\t\t\t\t<h3 class=\"elementor-heading-title elementor-size-default\">Aderezos<\/h3>\t\t\t\t<\/div>\n\t\t\t\t<\/div>\n\t\t\t\t<\/div>\n\t\t<div data-ha-element-link=\"{&quot;url&quot;:&quot;https:\\\/\\\/hydrosol.de\\\/anwendungen\\\/feinkost\\\/stabilisierungssysteme-fuer-ketchup-rote-saucen\\\/&quot;,&quot;is_external&quot;:&quot;&quot;,&quot;nofollow&quot;:&quot;&quot;}\" style=\"cursor: pointer\" class=\"elementor-element elementor-element-f09c2a2 e-con-full hs-hide-title e-flex e-con e-child\" data-id=\"f09c2a2\" data-element_type=\"container\" data-e-type=\"container\" data-settings=\"{&quot;background_background&quot;:&quot;classic&quot;,&quot;_ha_eqh_enable&quot;:false}\">\n\t\t\t\t<div class=\"elementor-element elementor-element-761458f elementor-widget elementor-widget-heading\" data-id=\"761458f\" data-element_type=\"widget\" data-e-type=\"widget\" data-widget_type=\"heading.default\">\n\t\t\t\t<div class=\"elementor-widget-container\">\n\t\t\t\t\t<h3 class=\"elementor-heading-title elementor-size-default\">K\u00e9tchup y salsas rojas<\/h3>\t\t\t\t<\/div>\n\t\t\t\t<\/div>\n\t\t\t\t<\/div>\n\t\t\t\t\t<\/div>\n\t\t\t\t<\/div>\n\t\t\t\t<\/div>\n\t\t","protected":false},"excerpt":{"rendered":"<p>Sistemas estabilizantes para salsas claras En Hydrosol encontrar\u00e1 lo que busca: sistemas estabilizantes innovadores y de alta calidad, especialmente desarrollados para la producci\u00f3n de salsas emulsificadas. Salsas emulsificadas Unsere Stabilisierungssysteme erm\u00f6glichen die einfache Herstellung von emulgierten Saucen wie B\u00e9chamel Sauce oder Sauce Hollandaise, die ges\u00e4uert und pasteurisiert ist und damit perfekt f\u00fcr die Hei\u00dfherstellung geeignet [&hellip;]<\/p>\n","protected":false},"author":7,"featured_media":0,"parent":4730,"menu_order":40,"comment_status":"closed","ping_status":"closed","template":"","meta":{"footnotes":""},"class_list":["post-4847","page","type-page","status-publish","hentry"],"yoast_head":"<!-- This site is optimized with the Yoast SEO plugin v27.3 - https:\/\/yoast.com\/product\/yoast-seo-wordpress\/ -->\n<title>Salsas claras | Sistemas estabilizantes | Hydrosol<\/title>\n<meta name=\"description\" content=\"Sistemas estabilizantes para salsas claras \u27a5 Salsa bechamel y salsa holandesa \u27a5 Hydrosol \u2013 Inf\u00f3rmese\" \/>\n<meta name=\"robots\" content=\"index, follow, max-snippet:-1, max-image-preview:large, max-video-preview:-1\" \/>\n<link rel=\"canonical\" href=\"https:\/\/hydrosol.de\/es\/productos\/delicatesen\/sistemas-estabilizantes-para-salsas-claras\/\" \/>\n<meta property=\"og:locale\" content=\"es_ES\" \/>\n<meta property=\"og:type\" content=\"article\" \/>\n<meta property=\"og:title\" content=\"Salsas claras | Sistemas estabilizantes | Hydrosol\" \/>\n<meta property=\"og:description\" content=\"Sistemas estabilizantes para salsas claras \u27a5 Salsa bechamel y salsa holandesa \u27a5 Hydrosol \u2013 Inf\u00f3rmese\" \/>\n<meta property=\"og:url\" content=\"https:\/\/hydrosol.de\/es\/productos\/delicatesen\/sistemas-estabilizantes-para-salsas-claras\/\" \/>\n<meta property=\"og:site_name\" content=\"hydrosol\" \/>\n<meta property=\"article:modified_time\" content=\"2024-10-30T07:49:15+00:00\" \/>\n<meta name=\"twitter:card\" content=\"summary_large_image\" \/>\n<meta name=\"twitter:site\" content=\"@hydrosolsocial\" \/>\n<script type=\"application\/ld+json\" class=\"yoast-schema-graph\">{\"@context\":\"https:\\\/\\\/schema.org\",\"@graph\":[{\"@type\":\"WebPage\",\"@id\":\"https:\\\/\\\/hydrosol.de\\\/es\\\/productos\\\/delicatesen\\\/sistemas-estabilizantes-para-salsas-claras\\\/\",\"url\":\"https:\\\/\\\/hydrosol.de\\\/es\\\/productos\\\/delicatesen\\\/sistemas-estabilizantes-para-salsas-claras\\\/\",\"name\":\"Salsas claras | Sistemas estabilizantes | Hydrosol\",\"isPartOf\":{\"@id\":\"https:\\\/\\\/hydrosol.de\\\/#website\"},\"datePublished\":\"2024-07-04T08:59:07+00:00\",\"dateModified\":\"2024-10-30T07:49:15+00:00\",\"description\":\"Sistemas estabilizantes para salsas claras \u27a5 Salsa bechamel y salsa holandesa \u27a5 Hydrosol \u2013 Inf\u00f3rmese\",\"breadcrumb\":{\"@id\":\"https:\\\/\\\/hydrosol.de\\\/es\\\/productos\\\/delicatesen\\\/sistemas-estabilizantes-para-salsas-claras\\\/#breadcrumb\"},\"inLanguage\":\"es\",\"potentialAction\":[{\"@type\":\"ReadAction\",\"target\":[\"https:\\\/\\\/hydrosol.de\\\/es\\\/productos\\\/delicatesen\\\/sistemas-estabilizantes-para-salsas-claras\\\/\"]}]},{\"@type\":\"BreadcrumbList\",\"@id\":\"https:\\\/\\\/hydrosol.de\\\/es\\\/productos\\\/delicatesen\\\/sistemas-estabilizantes-para-salsas-claras\\\/#breadcrumb\",\"itemListElement\":[{\"@type\":\"ListItem\",\"position\":1,\"name\":\"Startseite\",\"item\":\"https:\\\/\\\/hydrosol.de\\\/es\\\/pagina-principal\\\/\"},{\"@type\":\"ListItem\",\"position\":2,\"name\":\"Productos\",\"item\":\"https:\\\/\\\/hydrosol.de\\\/es\\\/productos\\\/\"},{\"@type\":\"ListItem\",\"position\":3,\"name\":\"Delicatesen\",\"item\":\"https:\\\/\\\/hydrosol.de\\\/anwendungen\\\/feinkost\\\/\"},{\"@type\":\"ListItem\",\"position\":4,\"name\":\"Sistemas estabilizantes para salsas claras\"}]},{\"@type\":\"WebSite\",\"@id\":\"https:\\\/\\\/hydrosol.de\\\/#website\",\"url\":\"https:\\\/\\\/hydrosol.de\\\/\",\"name\":\"Hydrosol GmbH & Co. KG \u2013 Stabilisierungs- und Texturierungssysteme Lebensmittel\",\"description\":\"We texture taste.\",\"publisher\":{\"@id\":\"https:\\\/\\\/hydrosol.de\\\/#organization\"},\"potentialAction\":[{\"@type\":\"SearchAction\",\"target\":{\"@type\":\"EntryPoint\",\"urlTemplate\":\"https:\\\/\\\/hydrosol.de\\\/?s={search_term_string}\"},\"query-input\":{\"@type\":\"PropertyValueSpecification\",\"valueRequired\":true,\"valueName\":\"search_term_string\"}}],\"inLanguage\":\"es\"},{\"@type\":\"Organization\",\"@id\":\"https:\\\/\\\/hydrosol.de\\\/#organization\",\"name\":\"Hydrosol GmbH & Co. KG\",\"url\":\"https:\\\/\\\/hydrosol.de\\\/\",\"logo\":{\"@type\":\"ImageObject\",\"inLanguage\":\"es\",\"@id\":\"https:\\\/\\\/hydrosol.de\\\/#\\\/schema\\\/logo\\\/image\\\/\",\"url\":\"https:\\\/\\\/hydrosol.de\\\/wp-content\\\/uploads\\\/2024\\\/04\\\/hydrosol-logo-simpel.svg\",\"contentUrl\":\"https:\\\/\\\/hydrosol.de\\\/wp-content\\\/uploads\\\/2024\\\/04\\\/hydrosol-logo-simpel.svg\",\"width\":236,\"height\":70,\"caption\":\"Hydrosol GmbH & Co. KG\"},\"image\":{\"@id\":\"https:\\\/\\\/hydrosol.de\\\/#\\\/schema\\\/logo\\\/image\\\/\"},\"sameAs\":[\"https:\\\/\\\/x.com\\\/hydrosolsocial\",\"https:\\\/\\\/www.instagram.com\\\/hydrosol_wetexturetaste\\\/\",\"https:\\\/\\\/www.linkedin.com\\\/company\\\/hydrosol-wetexturetaste\\\/posts\\\/?feedView=all\"]}]}<\/script>\n<!-- \/ Yoast SEO plugin. -->","yoast_head_json":{"title":"Salsas claras | Sistemas estabilizantes | Hydrosol","description":"Sistemas estabilizantes para salsas claras \u27a5 Salsa bechamel y salsa holandesa \u27a5 Hydrosol \u2013 Inf\u00f3rmese","robots":{"index":"index","follow":"follow","max-snippet":"max-snippet:-1","max-image-preview":"max-image-preview:large","max-video-preview":"max-video-preview:-1"},"canonical":"https:\/\/hydrosol.de\/es\/productos\/delicatesen\/sistemas-estabilizantes-para-salsas-claras\/","og_locale":"es_ES","og_type":"article","og_title":"Salsas claras | Sistemas estabilizantes | Hydrosol","og_description":"Sistemas estabilizantes para salsas claras \u27a5 Salsa bechamel y salsa holandesa \u27a5 Hydrosol \u2013 Inf\u00f3rmese","og_url":"https:\/\/hydrosol.de\/es\/productos\/delicatesen\/sistemas-estabilizantes-para-salsas-claras\/","og_site_name":"hydrosol","article_modified_time":"2024-10-30T07:49:15+00:00","twitter_card":"summary_large_image","twitter_site":"@hydrosolsocial","schema":{"@context":"https:\/\/schema.org","@graph":[{"@type":"WebPage","@id":"https:\/\/hydrosol.de\/es\/productos\/delicatesen\/sistemas-estabilizantes-para-salsas-claras\/","url":"https:\/\/hydrosol.de\/es\/productos\/delicatesen\/sistemas-estabilizantes-para-salsas-claras\/","name":"Salsas claras | Sistemas estabilizantes | Hydrosol","isPartOf":{"@id":"https:\/\/hydrosol.de\/#website"},"datePublished":"2024-07-04T08:59:07+00:00","dateModified":"2024-10-30T07:49:15+00:00","description":"Sistemas estabilizantes para salsas claras \u27a5 Salsa bechamel y salsa holandesa \u27a5 Hydrosol \u2013 Inf\u00f3rmese","breadcrumb":{"@id":"https:\/\/hydrosol.de\/es\/productos\/delicatesen\/sistemas-estabilizantes-para-salsas-claras\/#breadcrumb"},"inLanguage":"es","potentialAction":[{"@type":"ReadAction","target":["https:\/\/hydrosol.de\/es\/productos\/delicatesen\/sistemas-estabilizantes-para-salsas-claras\/"]}]},{"@type":"BreadcrumbList","@id":"https:\/\/hydrosol.de\/es\/productos\/delicatesen\/sistemas-estabilizantes-para-salsas-claras\/#breadcrumb","itemListElement":[{"@type":"ListItem","position":1,"name":"Startseite","item":"https:\/\/hydrosol.de\/es\/pagina-principal\/"},{"@type":"ListItem","position":2,"name":"Productos","item":"https:\/\/hydrosol.de\/es\/productos\/"},{"@type":"ListItem","position":3,"name":"Delicatesen","item":"https:\/\/hydrosol.de\/anwendungen\/feinkost\/"},{"@type":"ListItem","position":4,"name":"Sistemas estabilizantes para salsas claras"}]},{"@type":"WebSite","@id":"https:\/\/hydrosol.de\/#website","url":"https:\/\/hydrosol.de\/","name":"Hydrosol GmbH & Co. KG \u2013 Stabilisierungs- und Texturierungssysteme Lebensmittel","description":"We texture taste.","publisher":{"@id":"https:\/\/hydrosol.de\/#organization"},"potentialAction":[{"@type":"SearchAction","target":{"@type":"EntryPoint","urlTemplate":"https:\/\/hydrosol.de\/?s={search_term_string}"},"query-input":{"@type":"PropertyValueSpecification","valueRequired":true,"valueName":"search_term_string"}}],"inLanguage":"es"},{"@type":"Organization","@id":"https:\/\/hydrosol.de\/#organization","name":"Hydrosol GmbH & Co. KG","url":"https:\/\/hydrosol.de\/","logo":{"@type":"ImageObject","inLanguage":"es","@id":"https:\/\/hydrosol.de\/#\/schema\/logo\/image\/","url":"https:\/\/hydrosol.de\/wp-content\/uploads\/2024\/04\/hydrosol-logo-simpel.svg","contentUrl":"https:\/\/hydrosol.de\/wp-content\/uploads\/2024\/04\/hydrosol-logo-simpel.svg","width":236,"height":70,"caption":"Hydrosol GmbH & Co. KG"},"image":{"@id":"https:\/\/hydrosol.de\/#\/schema\/logo\/image\/"},"sameAs":["https:\/\/x.com\/hydrosolsocial","https:\/\/www.instagram.com\/hydrosol_wetexturetaste\/","https:\/\/www.linkedin.com\/company\/hydrosol-wetexturetaste\/posts\/?feedView=all"]}]}},"_links":{"self":[{"href":"https:\/\/hydrosol.de\/es\/wp-json\/wp\/v2\/pages\/4847","targetHints":{"allow":["GET"]}}],"collection":[{"href":"https:\/\/hydrosol.de\/es\/wp-json\/wp\/v2\/pages"}],"about":[{"href":"https:\/\/hydrosol.de\/es\/wp-json\/wp\/v2\/types\/page"}],"author":[{"embeddable":true,"href":"https:\/\/hydrosol.de\/es\/wp-json\/wp\/v2\/users\/7"}],"replies":[{"embeddable":true,"href":"https:\/\/hydrosol.de\/es\/wp-json\/wp\/v2\/comments?post=4847"}],"version-history":[{"count":2,"href":"https:\/\/hydrosol.de\/es\/wp-json\/wp\/v2\/pages\/4847\/revisions"}],"predecessor-version":[{"id":8183,"href":"https:\/\/hydrosol.de\/es\/wp-json\/wp\/v2\/pages\/4847\/revisions\/8183"}],"up":[{"embeddable":true,"href":"https:\/\/hydrosol.de\/es\/wp-json\/wp\/v2\/pages\/4730"}],"wp:attachment":[{"href":"https:\/\/hydrosol.de\/es\/wp-json\/wp\/v2\/media?parent=4847"}],"curies":[{"name":"wp","href":"https:\/\/api.w.org\/{rel}","templated":true}]}}