{"id":4730,"date":"2024-05-31T09:44:01","date_gmt":"2024-05-31T07:44:01","guid":{"rendered":"https:\/\/new.hydrosol.de\/delicatesen\/"},"modified":"2024-10-17T10:06:34","modified_gmt":"2024-10-17T08:06:34","slug":"delicatesen","status":"publish","type":"page","link":"https:\/\/hydrosol.de\/es\/productos\/delicatesen\/","title":{"rendered":"Delicatesen"},"content":{"rendered":"\t\t<div data-elementor-type=\"wp-page\" data-elementor-id=\"4730\" class=\"elementor elementor-4730 elementor-678\" data-elementor-settings=\"{&quot;ha_cmc_init_switcher&quot;:&quot;no&quot;}\" data-elementor-post-type=\"page\">\n\t\t\t\t<div class=\"elementor-element elementor-element-94a6887 e-flex e-con-boxed e-con e-parent\" data-id=\"94a6887\" data-element_type=\"container\" data-e-type=\"container\" data-settings=\"{&quot;background_background&quot;:&quot;classic&quot;,&quot;_ha_eqh_enable&quot;:false}\">\n\t\t\t\t\t<div class=\"e-con-inner\">\n\t\t<div class=\"elementor-element elementor-element-1503bb7f e-flex e-con-boxed e-con e-child\" data-id=\"1503bb7f\" data-element_type=\"container\" data-e-type=\"container\" data-settings=\"{&quot;_ha_eqh_enable&quot;:false}\">\n\t\t\t\t\t<div class=\"e-con-inner\">\n\t\t\t\t<div class=\"elementor-element elementor-element-29d0ae4e elementor-widget elementor-widget-heading\" data-id=\"29d0ae4e\" data-element_type=\"widget\" data-e-type=\"widget\" data-widget_type=\"heading.default\">\n\t\t\t\t<div class=\"elementor-widget-container\">\n\t\t\t\t\t<h1 class=\"elementor-heading-title elementor-size-default\">Sistemas estabilizantes para delicatesen<\/h1>\t\t\t\t<\/div>\n\t\t\t\t<\/div>\n\t\t\t\t<div class=\"elementor-element elementor-element-a7126eb elementor-widget elementor-widget-text-editor\" data-id=\"a7126eb\" data-element_type=\"widget\" data-e-type=\"widget\" data-widget_type=\"text-editor.default\">\n\t\t\t\t<div class=\"elementor-widget-container\">\n\t\t\t\t\t\t\t\t\t<p><span class=\"\">M\u00e1xima seguridad de producto con reducci\u00f3n de los costes de producci\u00f3n<\/span><\/p>\n\t\t\t\t\t\t\t\t<\/div>\n\t\t\t\t<\/div>\n\t\t\t\t\t<\/div>\n\t\t\t\t<\/div>\n\t\t<div class=\"elementor-element elementor-element-467aec29 e-con-full e-flex e-con e-child\" data-id=\"467aec29\" data-element_type=\"container\" data-e-type=\"container\" data-settings=\"{&quot;_ha_eqh_enable&quot;:false}\">\n\t\t<div class=\"elementor-element elementor-element-4da5215f e-con-full e-flex e-con e-child\" data-id=\"4da5215f\" data-element_type=\"container\" data-e-type=\"container\" data-settings=\"{&quot;background_background&quot;:&quot;classic&quot;,&quot;_ha_eqh_enable&quot;:false}\">\n\t\t\t\t<\/div>\n\t\t\t\t<\/div>\n\t\t\t\t\t<\/div>\n\t\t\t\t<\/div>\n\t\t<div class=\"elementor-element elementor-element-38718b57 e-flex e-con-boxed e-con e-parent\" data-id=\"38718b57\" data-element_type=\"container\" data-e-type=\"container\" data-settings=\"{&quot;background_background&quot;:&quot;classic&quot;,&quot;_ha_eqh_enable&quot;:false}\">\n\t\t\t\t\t<div class=\"e-con-inner\">\n\t\t<div class=\"elementor-element elementor-element-49dbab5b e-con-full e-flex e-con e-child\" data-id=\"49dbab5b\" data-element_type=\"container\" data-e-type=\"container\" data-settings=\"{&quot;_ha_eqh_enable&quot;:false}\">\n\t\t\t\t<div class=\"elementor-element elementor-element-6450b41 elementor-widget elementor-widget-heading\" data-id=\"6450b41\" data-element_type=\"widget\" data-e-type=\"widget\" data-widget_type=\"heading.default\">\n\t\t\t\t<div class=\"elementor-widget-container\">\n\t\t\t\t\t<h2 class=\"elementor-heading-title elementor-size-default\">Combinamos conveniencia y placer con las tendencias de alimentaci\u00f3n internacionales.<\/h2>\t\t\t\t<\/div>\n\t\t\t\t<\/div>\n\t\t\t\t<div class=\"elementor-element elementor-element-263e96be elementor-widget elementor-widget-text-editor\" data-id=\"263e96be\" data-element_type=\"widget\" data-e-type=\"widget\" data-widget_type=\"text-editor.default\">\n\t\t\t\t<div class=\"elementor-widget-container\">\n\t\t\t\t\t\t\t\t\t<p>La conveniencia es, desde hace muchos a\u00f1os, una de las tendencias principales en el mercado internacional, entre otras cosas, porque se adapta a los cambios en los gustos de los consumidores. Actualmente, ya no es suficiente que los productos se preparen f\u00e1cil y r\u00e1pidamente. Deben tener un sabor extraordinario, en el mejor de los casos, ofrecer nuevos sabores y satisfacer las exigencias de una alimentaci\u00f3n moderna.   <\/p>\n\t\t\t\t\t\t\t\t<\/div>\n\t\t\t\t<\/div>\n\t\t\t\t<div class=\"elementor-element elementor-element-6b287455 elementor-widget elementor-widget-text-editor\" data-id=\"6b287455\" data-element_type=\"widget\" data-e-type=\"widget\" data-widget_type=\"text-editor.default\">\n\t\t\t\t<div class=\"elementor-widget-container\">\n\t\t\t\t\t\t\t\t\t<p>Si los par\u00e1metros son correctos, el precio suele decidir si se compra o no un producto en el supermercado. Apoyamos a los fabricantes de alimentos en la fabricaci\u00f3n de productos delicatesen, como mayonesa y aderezos, con sistemas de estabilizantes individuales y mezclas completas. \u00c9stos permiten una producci\u00f3n econ\u00f3mica y garantizan la m\u00e1xima seguridad del producto.   <\/p>\n\t\t\t\t\t\t\t\t<\/div>\n\t\t\t\t<\/div>\n\t\t\t\t<\/div>\n\t\t\t\t\t<\/div>\n\t\t\t\t<\/div>\n\t\t<div class=\"elementor-element elementor-element-5ce673e5 e-flex e-con-boxed e-con e-parent\" data-id=\"5ce673e5\" data-element_type=\"container\" data-e-type=\"container\" data-settings=\"{&quot;_ha_eqh_enable&quot;:false}\">\n\t\t\t\t\t<div class=\"e-con-inner\">\n\t\t<div class=\"elementor-element elementor-element-508667ca e-con-full e-flex e-con e-child\" data-id=\"508667ca\" data-element_type=\"container\" data-e-type=\"container\" data-settings=\"{&quot;background_background&quot;:&quot;classic&quot;,&quot;_ha_eqh_enable&quot;:false}\">\n\t\t\t\t<\/div>\n\t\t<div class=\"elementor-element elementor-element-43f21016 e-con-full e-flex e-con e-child\" data-id=\"43f21016\" data-element_type=\"container\" data-e-type=\"container\" data-settings=\"{&quot;_ha_eqh_enable&quot;:false}\">\n\t\t\t\t<div class=\"elementor-element elementor-element-5bf9db73 elementor-widget elementor-widget-heading\" data-id=\"5bf9db73\" data-element_type=\"widget\" data-e-type=\"widget\" data-widget_type=\"heading.default\">\n\t\t\t\t<div class=\"elementor-widget-container\">\n\t\t\t\t\t<h2 class=\"elementor-heading-title elementor-size-default\">Mayonesa y mayonesas ligeras <\/h2>\t\t\t\t<\/div>\n\t\t\t\t<\/div>\n\t\t\t\t<div class=\"elementor-element elementor-element-3fc2bc9c elementor-widget elementor-widget-text-editor\" data-id=\"3fc2bc9c\" data-element_type=\"widget\" data-e-type=\"widget\" data-widget_type=\"text-editor.default\">\n\t\t\t\t<div class=\"elementor-widget-container\">\n\t\t\t\t\t\t\t\t\t<p>Desde mayonesa cl\u00e1sica, pasando por variantes bajas en grasa, sin almid\u00f3n o sin huevo, el amplio espectro de sistemas estabilizantes y texturizantes de Hydrosol hace que las mayonesas y emulsiones se mantengan f\u00edsicamente estables y se garantice una seguridad microbiol\u00f3gica suficiente. Los emulsificantes evitan que la emulsi\u00f3n se rompa debido a influencias f\u00edsicas y los hidrocoloides garantizan una agradable sensaci\u00f3n en boca. Muchos de nuestros sistemas estabilizantes y texturizantes no solo han sido probados durante muchos a\u00f1os, sino que tambi\u00e9n son muy flexibles. La flexibilidad de los sistemas permite, por ejemplo, fabricar otros productos como dips o especialidades regionales.    <\/p>\n\t\t\t\t\t\t\t\t<\/div>\n\t\t\t\t<\/div>\n\t\t\t\t<div class=\"elementor-element elementor-element-6bb88a1f hydrosolbutton elementor-widget elementor-widget-button\" data-id=\"6bb88a1f\" data-element_type=\"widget\" data-e-type=\"widget\" data-widget_type=\"button.default\">\n\t\t\t\t<div class=\"elementor-widget-container\">\n\t\t\t\t\t\t\t\t\t<div class=\"elementor-button-wrapper\">\n\t\t\t\t\t<a class=\"elementor-button elementor-button-link elementor-size-sm\" href=\"https:\/\/hydrosol.de\/es\/productos\/delicatesen\/sistemas-estabilizantes-para-mayonesa-y-mayonesas-ligeras\/\">\n\t\t\t\t\t\t<span class=\"elementor-button-content-wrapper\">\n\t\t\t\t\t\t\t\t\t<span class=\"elementor-button-text\">aprender m\u00e1s<\/span>\n\t\t\t\t\t<\/span>\n\t\t\t\t\t<\/a>\n\t\t\t\t<\/div>\n\t\t\t\t\t\t\t\t<\/div>\n\t\t\t\t<\/div>\n\t\t\t\t<\/div>\n\t\t\t\t\t<\/div>\n\t\t\t\t<\/div>\n\t\t<div class=\"elementor-element elementor-element-8edf9d2 e-flex e-con-boxed e-con e-parent\" data-id=\"8edf9d2\" data-element_type=\"container\" data-e-type=\"container\" data-settings=\"{&quot;background_background&quot;:&quot;classic&quot;,&quot;_ha_eqh_enable&quot;:false}\">\n\t\t\t\t\t<div class=\"e-con-inner\">\n\t\t<div class=\"elementor-element elementor-element-71564413 e-con-full e-flex e-con e-child\" data-id=\"71564413\" data-element_type=\"container\" data-e-type=\"container\" data-settings=\"{&quot;_ha_eqh_enable&quot;:false}\">\n\t\t\t\t<div class=\"elementor-element elementor-element-366e1617 elementor-widget elementor-widget-heading\" data-id=\"366e1617\" data-element_type=\"widget\" data-e-type=\"widget\" data-widget_type=\"heading.default\">\n\t\t\t\t<div class=\"elementor-widget-container\">\n\t\t\t\t\t<h2 class=\"elementor-heading-title elementor-size-default\">Aderezos<\/h2>\t\t\t\t<\/div>\n\t\t\t\t<\/div>\n\t\t\t\t<div class=\"elementor-element elementor-element-215dab22 elementor-widget elementor-widget-text-editor\" data-id=\"215dab22\" data-element_type=\"widget\" data-e-type=\"widget\" data-widget_type=\"text-editor.default\">\n\t\t\t\t<div class=\"elementor-widget-container\">\n\t\t\t\t\t\t\t\t\t<p>Nuestros sistemas estabilizantes y texturizantes permiten fabricar aderezos para los sabores, las consistencias y los m\u00e9todos de producci\u00f3n m\u00e1s diversos. Proporcionan una emulsi\u00f3n de alta calidad para obtener el m\u00e1ximo placer.  <\/p>\n\t\t\t\t\t\t\t\t<\/div>\n\t\t\t\t<\/div>\n\t\t\t\t<div class=\"elementor-element elementor-element-30d1e918 hydrosolbutton elementor-widget elementor-widget-button\" data-id=\"30d1e918\" data-element_type=\"widget\" data-e-type=\"widget\" data-widget_type=\"button.default\">\n\t\t\t\t<div class=\"elementor-widget-container\">\n\t\t\t\t\t\t\t\t\t<div class=\"elementor-button-wrapper\">\n\t\t\t\t\t<a class=\"elementor-button elementor-button-link elementor-size-sm\" href=\"https:\/\/hydrosol.de\/es\/productos\/delicatesen\/sistemas-estabilizantes-para-aderezos\/\">\n\t\t\t\t\t\t<span class=\"elementor-button-content-wrapper\">\n\t\t\t\t\t\t\t\t\t<span class=\"elementor-button-text\">aprender m\u00e1s<\/span>\n\t\t\t\t\t<\/span>\n\t\t\t\t\t<\/a>\n\t\t\t\t<\/div>\n\t\t\t\t\t\t\t\t<\/div>\n\t\t\t\t<\/div>\n\t\t\t\t<\/div>\n\t\t<div class=\"elementor-element elementor-element-6971698f e-con-full e-flex e-con e-child\" data-id=\"6971698f\" data-element_type=\"container\" data-e-type=\"container\" data-settings=\"{&quot;background_background&quot;:&quot;classic&quot;,&quot;_ha_eqh_enable&quot;:false}\">\n\t\t\t\t<\/div>\n\t\t\t\t\t<\/div>\n\t\t\t\t<\/div>\n\t\t<div class=\"elementor-element elementor-element-f0b24ea e-flex e-con-boxed e-con e-parent\" data-id=\"f0b24ea\" data-element_type=\"container\" data-e-type=\"container\" data-settings=\"{&quot;_ha_eqh_enable&quot;:false}\">\n\t\t\t\t\t<div class=\"e-con-inner\">\n\t\t<div class=\"elementor-element elementor-element-641c4fd e-con-full e-flex e-con e-child\" data-id=\"641c4fd\" data-element_type=\"container\" data-e-type=\"container\" data-settings=\"{&quot;background_background&quot;:&quot;classic&quot;,&quot;_ha_eqh_enable&quot;:false}\">\n\t\t\t\t<\/div>\n\t\t<div class=\"elementor-element elementor-element-18c0b9e e-con-full e-flex e-con e-child\" data-id=\"18c0b9e\" data-element_type=\"container\" data-e-type=\"container\" data-settings=\"{&quot;_ha_eqh_enable&quot;:false}\">\n\t\t\t\t<div class=\"elementor-element elementor-element-9acd668 elementor-widget elementor-widget-heading\" data-id=\"9acd668\" data-element_type=\"widget\" data-e-type=\"widget\" data-widget_type=\"heading.default\">\n\t\t\t\t<div class=\"elementor-widget-container\">\n\t\t\t\t\t<h2 class=\"elementor-heading-title elementor-size-default\">K\u00e9tchup y salsas rojas <\/h2>\t\t\t\t<\/div>\n\t\t\t\t<\/div>\n\t\t\t\t<div class=\"elementor-element elementor-element-95634e0 elementor-widget elementor-widget-text-editor\" data-id=\"95634e0\" data-element_type=\"widget\" data-e-type=\"widget\" data-widget_type=\"text-editor.default\">\n\t\t\t\t<div class=\"elementor-widget-container\">\n\t\t\t\t\t\t\t\t\t<p>En el campo del k\u00e9tchup y las salsas rojas, los consumidores esperan continuamente nuevas y placenteras experiencias. La demanda de ideas de productos innovadores aumenta continuamente. Con nuestros sistemas estabilizantes de Hydrosol pueden fabricarse tambi\u00e9n productos atractivos, de uso econ\u00f3mico y variado, con concentrado de tomate reducido. Sin embargo, con estos sistemas pueden realizarse tambi\u00e9n cl\u00e1sicos regionales como la salsa de curry para bratwurst.    <\/p>\n\t\t\t\t\t\t\t\t<\/div>\n\t\t\t\t<\/div>\n\t\t\t\t<div class=\"elementor-element elementor-element-8455cb2 hydrosolbutton elementor-widget elementor-widget-button\" data-id=\"8455cb2\" data-element_type=\"widget\" data-e-type=\"widget\" data-widget_type=\"button.default\">\n\t\t\t\t<div class=\"elementor-widget-container\">\n\t\t\t\t\t\t\t\t\t<div class=\"elementor-button-wrapper\">\n\t\t\t\t\t<a class=\"elementor-button elementor-button-link elementor-size-sm\" href=\"https:\/\/hydrosol.de\/es\/productos\/delicatesen\/sistemas-estabilizantes-para-ketchup-y-salsas-rojas\/\">\n\t\t\t\t\t\t<span class=\"elementor-button-content-wrapper\">\n\t\t\t\t\t\t\t\t\t<span class=\"elementor-button-text\">aprender m\u00e1s<\/span>\n\t\t\t\t\t<\/span>\n\t\t\t\t\t<\/a>\n\t\t\t\t<\/div>\n\t\t\t\t\t\t\t\t<\/div>\n\t\t\t\t<\/div>\n\t\t\t\t<\/div>\n\t\t\t\t\t<\/div>\n\t\t\t\t<\/div>\n\t\t<div class=\"elementor-element elementor-element-105892c e-flex e-con-boxed e-con e-parent\" data-id=\"105892c\" data-element_type=\"container\" data-e-type=\"container\" data-settings=\"{&quot;background_background&quot;:&quot;classic&quot;,&quot;_ha_eqh_enable&quot;:false}\">\n\t\t\t\t\t<div class=\"e-con-inner\">\n\t\t<div class=\"elementor-element elementor-element-1a5250d e-con-full e-flex e-con e-child\" data-id=\"1a5250d\" data-element_type=\"container\" data-e-type=\"container\" data-settings=\"{&quot;_ha_eqh_enable&quot;:false}\">\n\t\t\t\t<div class=\"elementor-element elementor-element-69df866 elementor-widget elementor-widget-heading\" data-id=\"69df866\" data-element_type=\"widget\" data-e-type=\"widget\" data-widget_type=\"heading.default\">\n\t\t\t\t<div class=\"elementor-widget-container\">\n\t\t\t\t\t<h2 class=\"elementor-heading-title elementor-size-default\">Salsas claras <\/h2>\t\t\t\t<\/div>\n\t\t\t\t<\/div>\n\t\t\t\t<div class=\"elementor-element elementor-element-e677f0d elementor-widget elementor-widget-text-editor\" data-id=\"e677f0d\" data-element_type=\"widget\" data-e-type=\"widget\" data-widget_type=\"text-editor.default\">\n\t\t\t\t<div class=\"elementor-widget-container\">\n\t\t\t\t\t\t\t\t\t<p>El equipo de expertos de Hydrosol ha desarrollado sistemas estabilizantes de alta calidad, especialmente para salsas emulsionadas, que garantizan una consistencia homog\u00e9nea y una gran estabilidad. <\/p>\n\t\t\t\t\t\t\t\t<\/div>\n\t\t\t\t<\/div>\n\t\t\t\t<div class=\"elementor-element elementor-element-2a2e85a hydrosolbutton elementor-widget elementor-widget-button\" data-id=\"2a2e85a\" data-element_type=\"widget\" data-e-type=\"widget\" data-widget_type=\"button.default\">\n\t\t\t\t<div class=\"elementor-widget-container\">\n\t\t\t\t\t\t\t\t\t<div class=\"elementor-button-wrapper\">\n\t\t\t\t\t<a class=\"elementor-button elementor-button-link elementor-size-sm\" href=\"https:\/\/hydrosol.de\/es\/productos\/delicatesen\/sistemas-estabilizantes-para-salsas-claras\/\">\n\t\t\t\t\t\t<span class=\"elementor-button-content-wrapper\">\n\t\t\t\t\t\t\t\t\t<span class=\"elementor-button-text\">aprender m\u00e1s<\/span>\n\t\t\t\t\t<\/span>\n\t\t\t\t\t<\/a>\n\t\t\t\t<\/div>\n\t\t\t\t\t\t\t\t<\/div>\n\t\t\t\t<\/div>\n\t\t\t\t<\/div>\n\t\t<div class=\"elementor-element elementor-element-a578c3a e-con-full e-flex e-con e-child\" data-id=\"a578c3a\" data-element_type=\"container\" data-e-type=\"container\" data-settings=\"{&quot;background_background&quot;:&quot;classic&quot;,&quot;_ha_eqh_enable&quot;:false}\">\n\t\t\t\t<\/div>\n\t\t\t\t\t<\/div>\n\t\t\t\t<\/div>\n\t\t\t\t<\/div>\n\t\t","protected":false},"excerpt":{"rendered":"<p>Sistemas estabilizantes para delicatesen M\u00e1xima seguridad de producto con reducci\u00f3n de los costes de producci\u00f3n Combinamos conveniencia y placer con las tendencias de alimentaci\u00f3n internacionales. La conveniencia es, desde hace muchos a\u00f1os, una de las tendencias principales en el mercado internacional, entre otras cosas, porque se adapta a los cambios en los gustos de los [&hellip;]<\/p>\n","protected":false},"author":7,"featured_media":0,"parent":4670,"menu_order":30,"comment_status":"closed","ping_status":"closed","template":"","meta":{"footnotes":""},"class_list":["post-4730","page","type-page","status-publish","hentry"],"yoast_head":"<!-- This site is optimized with the Yoast SEO plugin v27.3 - https:\/\/yoast.com\/product\/yoast-seo-wordpress\/ -->\n<title>Delicatesen | Sistemas estabilizantes | Hydrosol<\/title>\n<meta name=\"description\" content=\"Sistemas estabilizantes para productos delicatesen \u27a5 Mayonesa, mayonesas ligeras, aderezos, k\u00e9tchup, salsas rojas y claras \u27a5 Hydrosol \u2013 Inf\u00f3rmese\" \/>\n<meta name=\"robots\" content=\"index, follow, max-snippet:-1, max-image-preview:large, max-video-preview:-1\" \/>\n<link rel=\"canonical\" href=\"https:\/\/hydrosol.de\/anwendungen\/feinkost\/\" \/>\n<meta property=\"og:locale\" content=\"es_ES\" \/>\n<meta property=\"og:type\" content=\"article\" \/>\n<meta property=\"og:title\" content=\"Delicatesen | Sistemas estabilizantes | Hydrosol\" \/>\n<meta property=\"og:description\" content=\"Sistemas estabilizantes para productos delicatesen \u27a5 Mayonesa, mayonesas ligeras, aderezos, k\u00e9tchup, salsas rojas y claras \u27a5 Hydrosol \u2013 Inf\u00f3rmese\" \/>\n<meta property=\"og:url\" content=\"https:\/\/hydrosol.de\/anwendungen\/feinkost\/\" \/>\n<meta property=\"og:site_name\" content=\"hydrosol\" \/>\n<meta property=\"article:modified_time\" content=\"2024-10-17T08:06:34+00:00\" \/>\n<meta name=\"twitter:card\" content=\"summary_large_image\" \/>\n<meta name=\"twitter:site\" content=\"@hydrosolsocial\" \/>\n<meta name=\"twitter:label1\" content=\"Tiempo de lectura\" \/>\n\t<meta name=\"twitter:data1\" content=\"2 minutos\" \/>\n<script type=\"application\/ld+json\" class=\"yoast-schema-graph\">{\"@context\":\"https:\\\/\\\/schema.org\",\"@graph\":[{\"@type\":\"WebPage\",\"@id\":\"https:\\\/\\\/hydrosol.de\\\/anwendungen\\\/feinkost\\\/\",\"url\":\"https:\\\/\\\/hydrosol.de\\\/anwendungen\\\/feinkost\\\/\",\"name\":\"Delicatesen | Sistemas estabilizantes | Hydrosol\",\"isPartOf\":{\"@id\":\"https:\\\/\\\/hydrosol.de\\\/#website\"},\"datePublished\":\"2024-05-31T07:44:01+00:00\",\"dateModified\":\"2024-10-17T08:06:34+00:00\",\"description\":\"Sistemas estabilizantes para productos delicatesen \u27a5 Mayonesa, mayonesas ligeras, aderezos, k\u00e9tchup, salsas rojas y claras \u27a5 Hydrosol \u2013 Inf\u00f3rmese\",\"breadcrumb\":{\"@id\":\"https:\\\/\\\/hydrosol.de\\\/anwendungen\\\/feinkost\\\/#breadcrumb\"},\"inLanguage\":\"es\",\"potentialAction\":[{\"@type\":\"ReadAction\",\"target\":[\"https:\\\/\\\/hydrosol.de\\\/anwendungen\\\/feinkost\\\/\"]}]},{\"@type\":\"BreadcrumbList\",\"@id\":\"https:\\\/\\\/hydrosol.de\\\/anwendungen\\\/feinkost\\\/#breadcrumb\",\"itemListElement\":[{\"@type\":\"ListItem\",\"position\":1,\"name\":\"Startseite\",\"item\":\"https:\\\/\\\/hydrosol.de\\\/es\\\/pagina-principal\\\/\"},{\"@type\":\"ListItem\",\"position\":2,\"name\":\"Productos\",\"item\":\"https:\\\/\\\/hydrosol.de\\\/es\\\/productos\\\/\"},{\"@type\":\"ListItem\",\"position\":3,\"name\":\"Delicatesen\"}]},{\"@type\":\"WebSite\",\"@id\":\"https:\\\/\\\/hydrosol.de\\\/#website\",\"url\":\"https:\\\/\\\/hydrosol.de\\\/\",\"name\":\"Hydrosol GmbH & Co. KG \u2013 Stabilisierungs- und Texturierungssysteme Lebensmittel\",\"description\":\"We texture taste.\",\"publisher\":{\"@id\":\"https:\\\/\\\/hydrosol.de\\\/#organization\"},\"potentialAction\":[{\"@type\":\"SearchAction\",\"target\":{\"@type\":\"EntryPoint\",\"urlTemplate\":\"https:\\\/\\\/hydrosol.de\\\/?s={search_term_string}\"},\"query-input\":{\"@type\":\"PropertyValueSpecification\",\"valueRequired\":true,\"valueName\":\"search_term_string\"}}],\"inLanguage\":\"es\"},{\"@type\":\"Organization\",\"@id\":\"https:\\\/\\\/hydrosol.de\\\/#organization\",\"name\":\"Hydrosol GmbH & Co. KG\",\"url\":\"https:\\\/\\\/hydrosol.de\\\/\",\"logo\":{\"@type\":\"ImageObject\",\"inLanguage\":\"es\",\"@id\":\"https:\\\/\\\/hydrosol.de\\\/#\\\/schema\\\/logo\\\/image\\\/\",\"url\":\"https:\\\/\\\/hydrosol.de\\\/wp-content\\\/uploads\\\/2024\\\/04\\\/hydrosol-logo-simpel.svg\",\"contentUrl\":\"https:\\\/\\\/hydrosol.de\\\/wp-content\\\/uploads\\\/2024\\\/04\\\/hydrosol-logo-simpel.svg\",\"width\":236,\"height\":70,\"caption\":\"Hydrosol GmbH & Co. KG\"},\"image\":{\"@id\":\"https:\\\/\\\/hydrosol.de\\\/#\\\/schema\\\/logo\\\/image\\\/\"},\"sameAs\":[\"https:\\\/\\\/x.com\\\/hydrosolsocial\",\"https:\\\/\\\/www.instagram.com\\\/hydrosol_wetexturetaste\\\/\",\"https:\\\/\\\/www.linkedin.com\\\/company\\\/hydrosol-wetexturetaste\\\/posts\\\/?feedView=all\"]}]}<\/script>\n<!-- \/ Yoast SEO plugin. -->","yoast_head_json":{"title":"Delicatesen | Sistemas estabilizantes | Hydrosol","description":"Sistemas estabilizantes para productos delicatesen \u27a5 Mayonesa, mayonesas ligeras, aderezos, k\u00e9tchup, salsas rojas y claras \u27a5 Hydrosol \u2013 Inf\u00f3rmese","robots":{"index":"index","follow":"follow","max-snippet":"max-snippet:-1","max-image-preview":"max-image-preview:large","max-video-preview":"max-video-preview:-1"},"canonical":"https:\/\/hydrosol.de\/anwendungen\/feinkost\/","og_locale":"es_ES","og_type":"article","og_title":"Delicatesen | Sistemas estabilizantes | Hydrosol","og_description":"Sistemas estabilizantes para productos delicatesen \u27a5 Mayonesa, mayonesas ligeras, aderezos, k\u00e9tchup, salsas rojas y claras \u27a5 Hydrosol \u2013 Inf\u00f3rmese","og_url":"https:\/\/hydrosol.de\/anwendungen\/feinkost\/","og_site_name":"hydrosol","article_modified_time":"2024-10-17T08:06:34+00:00","twitter_card":"summary_large_image","twitter_site":"@hydrosolsocial","twitter_misc":{"Tiempo de lectura":"2 minutos"},"schema":{"@context":"https:\/\/schema.org","@graph":[{"@type":"WebPage","@id":"https:\/\/hydrosol.de\/anwendungen\/feinkost\/","url":"https:\/\/hydrosol.de\/anwendungen\/feinkost\/","name":"Delicatesen | Sistemas estabilizantes | Hydrosol","isPartOf":{"@id":"https:\/\/hydrosol.de\/#website"},"datePublished":"2024-05-31T07:44:01+00:00","dateModified":"2024-10-17T08:06:34+00:00","description":"Sistemas estabilizantes para productos delicatesen \u27a5 Mayonesa, mayonesas ligeras, aderezos, k\u00e9tchup, salsas rojas y claras \u27a5 Hydrosol \u2013 Inf\u00f3rmese","breadcrumb":{"@id":"https:\/\/hydrosol.de\/anwendungen\/feinkost\/#breadcrumb"},"inLanguage":"es","potentialAction":[{"@type":"ReadAction","target":["https:\/\/hydrosol.de\/anwendungen\/feinkost\/"]}]},{"@type":"BreadcrumbList","@id":"https:\/\/hydrosol.de\/anwendungen\/feinkost\/#breadcrumb","itemListElement":[{"@type":"ListItem","position":1,"name":"Startseite","item":"https:\/\/hydrosol.de\/es\/pagina-principal\/"},{"@type":"ListItem","position":2,"name":"Productos","item":"https:\/\/hydrosol.de\/es\/productos\/"},{"@type":"ListItem","position":3,"name":"Delicatesen"}]},{"@type":"WebSite","@id":"https:\/\/hydrosol.de\/#website","url":"https:\/\/hydrosol.de\/","name":"Hydrosol GmbH & Co. KG \u2013 Stabilisierungs- und Texturierungssysteme Lebensmittel","description":"We texture taste.","publisher":{"@id":"https:\/\/hydrosol.de\/#organization"},"potentialAction":[{"@type":"SearchAction","target":{"@type":"EntryPoint","urlTemplate":"https:\/\/hydrosol.de\/?s={search_term_string}"},"query-input":{"@type":"PropertyValueSpecification","valueRequired":true,"valueName":"search_term_string"}}],"inLanguage":"es"},{"@type":"Organization","@id":"https:\/\/hydrosol.de\/#organization","name":"Hydrosol GmbH & Co. KG","url":"https:\/\/hydrosol.de\/","logo":{"@type":"ImageObject","inLanguage":"es","@id":"https:\/\/hydrosol.de\/#\/schema\/logo\/image\/","url":"https:\/\/hydrosol.de\/wp-content\/uploads\/2024\/04\/hydrosol-logo-simpel.svg","contentUrl":"https:\/\/hydrosol.de\/wp-content\/uploads\/2024\/04\/hydrosol-logo-simpel.svg","width":236,"height":70,"caption":"Hydrosol GmbH & Co. KG"},"image":{"@id":"https:\/\/hydrosol.de\/#\/schema\/logo\/image\/"},"sameAs":["https:\/\/x.com\/hydrosolsocial","https:\/\/www.instagram.com\/hydrosol_wetexturetaste\/","https:\/\/www.linkedin.com\/company\/hydrosol-wetexturetaste\/posts\/?feedView=all"]}]}},"_links":{"self":[{"href":"https:\/\/hydrosol.de\/es\/wp-json\/wp\/v2\/pages\/4730","targetHints":{"allow":["GET"]}}],"collection":[{"href":"https:\/\/hydrosol.de\/es\/wp-json\/wp\/v2\/pages"}],"about":[{"href":"https:\/\/hydrosol.de\/es\/wp-json\/wp\/v2\/types\/page"}],"author":[{"embeddable":true,"href":"https:\/\/hydrosol.de\/es\/wp-json\/wp\/v2\/users\/7"}],"replies":[{"embeddable":true,"href":"https:\/\/hydrosol.de\/es\/wp-json\/wp\/v2\/comments?post=4730"}],"version-history":[{"count":0,"href":"https:\/\/hydrosol.de\/es\/wp-json\/wp\/v2\/pages\/4730\/revisions"}],"up":[{"embeddable":true,"href":"https:\/\/hydrosol.de\/es\/wp-json\/wp\/v2\/pages\/4670"}],"wp:attachment":[{"href":"https:\/\/hydrosol.de\/es\/wp-json\/wp\/v2\/media?parent=4730"}],"curies":[{"name":"wp","href":"https:\/\/api.w.org\/{rel}","templated":true}]}}